{"id":324,"date":"2023-09-04T16:16:41","date_gmt":"2023-09-04T19:16:41","guid":{"rendered":"https:\/\/cursosonline.cbr.org.br\/?post_type=product&#038;p=324"},"modified":"2026-03-10T13:04:23","modified_gmt":"2026-03-10T16:04:23","slug":"atualiza23-l-musculoesqueletico-tudo-o-que-voce-precisa-saber-para-ser-o-radiologista-esportivo-na-proxima-copa-do-mundo-de-futebol","status":"publish","type":"product","link":"https:\/\/cursosonline.cbr.org.br\/es\/curso\/atualiza23-l-musculoesqueletico-tudo-o-que-voce-precisa-saber-para-ser-o-radiologista-esportivo-na-proxima-copa-do-mundo-de-futebol\/","title":{"rendered":"Atualiza23 l Musculoesquel\u00e9tico - Todo lo que necesita saber para ser radi\u00f3logo deportivo en el pr\u00f3ximo Mundial de f\u00fatbol"},"content":{"rendered":"<div data-elementor-type=\"product-post\" data-elementor-id=\"324\" class=\"elementor elementor-324\" data-elementor-post-type=\"product\">\n\t\t\t\t\t\t<section class=\"elementor-section elementor-top-section elementor-element elementor-element-4252a011 elementor-section-boxed elementor-section-height-default elementor-section-height-default\" data-id=\"4252a011\" data-element_type=\"section\">\n\t\t\t\t\t\t<div class=\"elementor-container elementor-column-gap-default\">\n\t\t\t\t\t<div class=\"elementor-column elementor-col-100 elementor-top-column elementor-element elementor-element-21b926bf\" data-id=\"21b926bf\" data-element_type=\"column\">\n\t\t\t<div class=\"elementor-widget-wrap elementor-element-populated\">\n\t\t\t\t\t\t<div class=\"elementor-element elementor-element-68735439 elementor-widget elementor-widget-text-editor\" data-id=\"68735439\" data-element_type=\"widget\" data-widget_type=\"text-editor.default\">\n\t\t\t\t<div class=\"elementor-widget-container\">\n\t\t\t\t\t\t\t\t\t<p><strong>Coordinadores de \u00e1rea y de curso<\/strong><\/p><table border=\"0\"><tbody><tr><td><p>Aline Serfaty<\/p><p>Francisco Abaet\u00e9 das Chagas Neto<\/p><p>Marcelo Bordalo Rodrigues<\/p><\/td><\/tr><\/tbody><\/table><p>\u00a0<\/p><p><strong>Objetivos de aprendizaje<\/strong><\/p><table border=\"0\"><tbody><tr><td><p>Al finalizar este curso, los participantes ser\u00e1n capaces de:<\/p><ul><li>Familiarizarse con las t\u00e9cnicas de examen por ultrasonidos y resonancia magn\u00e9tica destinadas a analizar las lesiones en el f\u00fatbol;<\/li><li>Interpretaci\u00f3n de la exploraci\u00f3n en la evaluaci\u00f3n de los patrones de lesi\u00f3n ligamentosa en la rodilla y el tobillo;<\/li><li>Interpretaci\u00f3n del examen de seguimiento de las lesiones en el f\u00fatbol;<\/li><li>Clasificaci\u00f3n de las lesiones musculares en el f\u00fatbol;<\/li><li>Conocimiento de los aspectos relevantes que deben destacarse en los informes de diagn\u00f3stico por imagen sobre lesiones en el f\u00fatbol.<\/li><\/ul><\/td><\/tr><\/tbody><\/table><p><strong>Men\u00fa<\/strong><\/p><table border=\"0\"><tbody><tr><td><p>Este curso se centra en la ecograf\u00eda y la resonancia magn\u00e9tica para la evaluaci\u00f3n de pacientes con lesiones futbol\u00edsticas.<\/p><p>Habr\u00e1 conferencias sobre los principales aspectos del uso de la ecograf\u00eda y la resonancia magn\u00e9tica en la evaluaci\u00f3n de las lesiones en el f\u00fatbol, centradas en cuestiones cl\u00ednicamente relevantes y en los nuevos avances en el diagn\u00f3stico y el tratamiento, as\u00ed como un enfoque de los especialistas en medicina deportiva, en el que se hablar\u00e1 de lo que esperan y de cu\u00e1ndo recomiendan las pruebas de imagen.<\/p><p>Antes del d\u00eda del curso online interactivo en directo, todos los alumnos dispondr\u00e1n de lecciones te\u00f3ricas y ex\u00e1menes en la plataforma dicom para su an\u00e1lisis previo.<\/p><p>El d\u00eda del curso en directo, los casos se evaluar\u00e1n y debatir\u00e1n interactivamente con los participantes, centr\u00e1ndose en los puntos clave para el informe.<\/p><\/td><\/tr><\/tbody><\/table>\t\t\t\t\t\t\t\t<\/div>\n\t\t\t\t<\/div>\n\t\t\t\t\t<\/div>\n\t\t<\/div>\n\t\t\t\t\t<\/div>\n\t\t<\/section>\n\t\t\t\t<\/div>","protected":false},"excerpt":{"rendered":"<p>El Atualiza23 - Circuito Nacional de Radiolog\u00eda Brasile\u00f1a se celebr\u00f3 del 31 de marzo al 2 de abril. El evento tuvo lugar en el formato online 100% con el objetivo de promover la actualizaci\u00f3n te\u00f3rica y pr\u00e1ctica de los profesionales del sector. El Atualiza23 reuni\u00f3 sociedades estatales de todo Brasil y, sin precedentes, representantes de renombradas sociedades internacionales de radiolog\u00eda, ofreciendo numerosas actividades dirigidas a radi\u00f3logos y residentes.<\/p>\n<p><strong>GRATUITO PARA LOS MIEMBROS DE LA CBR.<\/strong><\/p>","protected":false},"featured_media":325,"template":"","meta":[],"product_brand":[],"product_cat":[18,38,85],"product_tag":[],"class_list":{"0":"post-324","1":"product","2":"type-product","3":"status-publish","4":"has-post-thumbnail","6":"product_cat-cbr-educa","7":"product_cat-atualiza","8":"product_cat-atualiza23","10":"first","11":"instock","12":"virtual","13":"sold-individually","14":"taxable","15":"purchasable","16":"product-type-simple"},"_links":{"self":[{"href":"https:\/\/cursosonline.cbr.org.br\/es\/wp-json\/wp\/v2\/product\/324","targetHints":{"allow":["GET"]}}],"collection":[{"href":"https:\/\/cursosonline.cbr.org.br\/es\/wp-json\/wp\/v2\/product"}],"about":[{"href":"https:\/\/cursosonline.cbr.org.br\/es\/wp-json\/wp\/v2\/types\/product"}],"version-history":[{"count":11,"href":"https:\/\/cursosonline.cbr.org.br\/es\/wp-json\/wp\/v2\/product\/324\/revisions"}],"predecessor-version":[{"id":33011,"href":"https:\/\/cursosonline.cbr.org.br\/es\/wp-json\/wp\/v2\/product\/324\/revisions\/33011"}],"wp:featuredmedia":[{"embeddable":true,"href":"https:\/\/cursosonline.cbr.org.br\/es\/wp-json\/wp\/v2\/media\/325"}],"wp:attachment":[{"href":"https:\/\/cursosonline.cbr.org.br\/es\/wp-json\/wp\/v2\/media?parent=324"}],"wp:term":[{"taxonomy":"product_brand","embeddable":true,"href":"https:\/\/cursosonline.cbr.org.br\/es\/wp-json\/wp\/v2\/product_brand?post=324"},{"taxonomy":"product_cat","embeddable":true,"href":"https:\/\/cursosonline.cbr.org.br\/es\/wp-json\/wp\/v2\/product_cat?post=324"},{"taxonomy":"product_tag","embeddable":true,"href":"https:\/\/cursosonline.cbr.org.br\/es\/wp-json\/wp\/v2\/product_tag?post=324"}],"curies":[{"name":"gracias","href":"https:\/\/api.w.org\/{rel}","templated":true}]}}