{"id":32537,"date":"2026-02-26T10:07:34","date_gmt":"2026-02-26T13:07:34","guid":{"rendered":"https:\/\/cursosonline.cbr.org.br\/?post_type=product&#038;p=32537"},"modified":"2026-03-12T10:19:30","modified_gmt":"2026-03-12T13:19:30","slug":"certificados-webinar-padi-2026","status":"publish","type":"product","link":"https:\/\/cursosonline.cbr.org.br\/es\/curso\/certificados-webinar-padi-2026\/","title":{"rendered":"Certificados de seminarios web PADI 2026"},"content":{"rendered":"<div data-elementor-type=\"product-post\" data-elementor-id=\"32537\" class=\"elementor elementor-32537\" data-elementor-post-type=\"product\">\n\t\t\t\t\t\t<section class=\"elementor-section elementor-top-section elementor-element elementor-element-52dd2e45 elementor-section-boxed elementor-section-height-default elementor-section-height-default\" data-id=\"52dd2e45\" data-element_type=\"section\">\n\t\t\t\t\t\t<div class=\"elementor-container elementor-column-gap-default\">\n\t\t\t\t\t<div class=\"elementor-column elementor-col-100 elementor-top-column elementor-element elementor-element-3e496e72\" data-id=\"3e496e72\" data-element_type=\"column\">\n\t\t\t<div class=\"elementor-widget-wrap elementor-element-populated\">\n\t\t\t\t\t\t<div class=\"elementor-element elementor-element-99fd8b6 elementor-widget elementor-widget-text-editor\" data-id=\"99fd8b6\" data-element_type=\"widget\" data-widget_type=\"text-editor.default\">\n\t\t\t\t<div class=\"elementor-widget-container\">\n\t\t\t\t\t\t\t\t\t<p>Compra tu certificado de participaci\u00f3n para el Webinar PADI 2026 aqu\u00ed.<\/p>\n<p>El certificado se enviar\u00e1 por correo electr\u00f3nico una vez efectuado el pago y acreditado el acceso al Webinar en el sistema Canvas.<\/p>\n<p>NOTA: EL PAGO POR S\u00cd SOLO NO GARANTIZA EL ENV\u00cdO DEL CERTIFICADO. DEBE INSCRIBIRSE EN EL SEMINARIO WEB, VER EL V\u00cdDEO Y RELLENAR LA ENCUESTA DE SATISFACCI\u00d3N.<\/p>\t\t\t\t\t\t\t\t<\/div>\n\t\t\t\t<\/div>\n\t\t\t\t\t<\/div>\n\t\t<\/div>\n\t\t\t\t\t<\/div>\n\t\t<\/section>\n\t\t\t\t<\/div>","protected":false},"excerpt":{"rendered":"<p>Adquira aqui o certificado de participa\u00e7\u00e3o da Webinar PADI do ano de 2026. O certificado ser\u00e1 enviado por e-mail ap\u00f3s pagamento e comprova\u00e7\u00e3o de acesso \u00e0 Webinar no sistema Canvas. ATEN\u00c7\u00c3O: SOMENTE O PAGAMENTO N\u00c3O GARANTE O ENVIO DO CERTIFICADO. \u00c9 NECESS\u00c1RIO SE CADASTRAR NA WEBINAR, ASSISTIR AO V\u00cdDEO E RESPONDER A PESQUISA DE SATISFA\u00c7\u00c3O.<\/p>","protected":false},"featured_media":5517,"template":"","meta":[],"product_brand":[],"product_cat":[17,29],"product_tag":[],"class_list":{"0":"post-32537","1":"product","2":"type-product","3":"status-publish","4":"has-post-thumbnail","6":"product_cat-cbr-clinicas","7":"product_cat-webinars","9":"first","10":"instock","11":"purchasable","12":"product-type-variable"},"_links":{"self":[{"href":"https:\/\/cursosonline.cbr.org.br\/es\/wp-json\/wp\/v2\/product\/32537","targetHints":{"allow":["GET"]}}],"collection":[{"href":"https:\/\/cursosonline.cbr.org.br\/es\/wp-json\/wp\/v2\/product"}],"about":[{"href":"https:\/\/cursosonline.cbr.org.br\/es\/wp-json\/wp\/v2\/types\/product"}],"version-history":[{"count":9,"href":"https:\/\/cursosonline.cbr.org.br\/es\/wp-json\/wp\/v2\/product\/32537\/revisions"}],"predecessor-version":[{"id":32947,"href":"https:\/\/cursosonline.cbr.org.br\/es\/wp-json\/wp\/v2\/product\/32537\/revisions\/32947"}],"wp:featuredmedia":[{"embeddable":true,"href":"https:\/\/cursosonline.cbr.org.br\/es\/wp-json\/wp\/v2\/media\/5517"}],"wp:attachment":[{"href":"https:\/\/cursosonline.cbr.org.br\/es\/wp-json\/wp\/v2\/media?parent=32537"}],"wp:term":[{"taxonomy":"product_brand","embeddable":true,"href":"https:\/\/cursosonline.cbr.org.br\/es\/wp-json\/wp\/v2\/product_brand?post=32537"},{"taxonomy":"product_cat","embeddable":true,"href":"https:\/\/cursosonline.cbr.org.br\/es\/wp-json\/wp\/v2\/product_cat?post=32537"},{"taxonomy":"product_tag","embeddable":true,"href":"https:\/\/cursosonline.cbr.org.br\/es\/wp-json\/wp\/v2\/product_tag?post=32537"}],"curies":[{"name":"gracias","href":"https:\/\/api.w.org\/{rel}","templated":true}]}}