{"id":327,"date":"2023-09-04T16:20:01","date_gmt":"2023-09-04T19:20:01","guid":{"rendered":"https:\/\/cursosonline.cbr.org.br\/?post_type=product&#038;p=327"},"modified":"2026-03-10T13:04:19","modified_gmt":"2026-03-10T16:04:19","slug":"atualiza23-l-neurorradiologia-doencas-neurodegenerativas","status":"publish","type":"product","link":"https:\/\/cursosonline.cbr.org.br\/es\/curso\/atualiza23-l-neurorradiologia-doencas-neurodegenerativas\/","title":{"rendered":"Atualiza23 l Neurorradiolog\u00eda - Enfermedades neurodegenerativas"},"content":{"rendered":"<div data-elementor-type=\"product-post\" data-elementor-id=\"327\" class=\"elementor elementor-327\" data-elementor-post-type=\"product\">\n\t\t\t\t\t\t<section class=\"elementor-section elementor-top-section elementor-element elementor-element-55e654cb elementor-section-boxed elementor-section-height-default elementor-section-height-default\" data-id=\"55e654cb\" data-element_type=\"section\">\n\t\t\t\t\t\t<div class=\"elementor-container elementor-column-gap-default\">\n\t\t\t\t\t<div class=\"elementor-column elementor-col-100 elementor-top-column elementor-element elementor-element-408a26c1\" data-id=\"408a26c1\" data-element_type=\"column\">\n\t\t\t<div class=\"elementor-widget-wrap elementor-element-populated\">\n\t\t\t\t\t\t<div class=\"elementor-element elementor-element-68ce85fe elementor-widget elementor-widget-text-editor\" data-id=\"68ce85fe\" data-element_type=\"widget\" data-widget_type=\"text-editor.default\">\n\t\t\t\t<div class=\"elementor-widget-container\">\n\t\t\t\t\t\t\t\t\t<p>Coordinadores<strong> \u00e1rea y curso<\/strong><\/p><table border=\"0\"><tbody><tr><td><p>Leonardo Lopes de Mac\u00eado<\/p><p>Pablo Picasso de Ara\u00fajo Coimbra<\/p><p>Felipe Torres Pacheco<\/p><p>\u00a0Luiz Celso Hygino da Cruz J\u00fanior<\/p><\/td><\/tr><\/tbody><\/table><p>\u00a0<\/p><p><strong>Apoyo de la Sociedad Internacional<\/strong><\/p><p><img decoding=\"async\" class=\"alignnone size-full wp-image-1098\" src=\"https:\/\/cursosonline.cbr.org.br\/wp-content\/uploads\/2023\/09\/Screenshot_37-1.png\" alt=\"\" width=\"240\" height=\"70\" \/><\/p><p><strong>Objetivos de aprendizaje<\/strong><\/p><table border=\"0\"><tbody><tr><td><ul><li>Identificar los principales hallazgos de imagen de la enfermedad de Alzheimer y conocer los m\u00e9todos utilizados para evaluar la reducci\u00f3n volum\u00e9trica del hipocampo;<\/li><li>Identificar los principales hallazgos de imagen que pueden permitir el diagn\u00f3stico diferencial de los s\u00edndromes parkinsonianos at\u00edpicos;<\/li><li>Reconocer los signos que permiten inferir el diagn\u00f3stico de hidrocefalia normotensiva;<\/li><li>Identificar los principales hallazgos de imagen que pueden permitir el diagn\u00f3stico diferencial de las encefalopat\u00edas t\u00f3xicas y metab\u00f3licas;<\/li><li>Reconocer c\u00f3mo y cu\u00e1ndo puede utilizarse el animal de compa\u00f1\u00eda en la evaluaci\u00f3n de enfermedades neurodegenerativas.<\/li><\/ul><\/td><\/tr><\/tbody><\/table><p><strong>Men\u00fa<\/strong><\/p><table border=\"0\"><tbody><tr><td><p>El curso tendr\u00e1 un enfoque pr\u00e1ctico a trav\u00e9s de la discusi\u00f3n en directo de casos cl\u00ednicos, tutorizados por expertos en la materia.<\/p><p>En la plataforma del CBR estar\u00e1n disponibles nueve conferencias previas, que deber\u00e1n verse antes del curso para aprovechar al m\u00e1ximo los debates sobre los casos.<\/p><p>Despu\u00e9s de este curso, los participantes deben ser capaces de identificar los hallazgos de imagen de la (s):<\/p><ul><li>Principales enfermedades neurodegenerativas;<\/li><li>\u00a0 S\u00edndromes parkinsonianos agudos;<\/li><li>\u00a0Hidrocefalia normotensiva;<\/li><li>Encefalopat\u00edas t\u00f3xicas y metab\u00f3licas;<\/li><\/ul><p>Tambi\u00e9n conocer\u00e1n las indicaciones y los hallazgos de imagen del animal de compa\u00f1\u00eda en la evaluaci\u00f3n de las enfermedades neurodegenerativas.<\/p><\/td><\/tr><\/tbody><\/table>\t\t\t\t\t\t\t\t<\/div>\n\t\t\t\t<\/div>\n\t\t\t\t\t<\/div>\n\t\t<\/div>\n\t\t\t\t\t<\/div>\n\t\t<\/section>\n\t\t\t\t<\/div>","protected":false},"excerpt":{"rendered":"<p>El Atualiza23 - Circuito Nacional de Radiolog\u00eda Brasile\u00f1a se celebr\u00f3 del 31 de marzo al 2 de abril. El evento tuvo lugar en el formato online 100% con el objetivo de promover la actualizaci\u00f3n te\u00f3rica y pr\u00e1ctica de los profesionales del sector. El Atualiza23 reuni\u00f3 sociedades estatales de todo Brasil y, sin precedentes, representantes de renombradas sociedades internacionales de radiolog\u00eda, ofreciendo numerosas actividades dirigidas a radi\u00f3logos y residentes.<\/p>\n<p><strong>GRATUITO PARA LOS MIEMBROS DE LA CBR.<\/strong><\/p>","protected":false},"featured_media":328,"template":"","meta":[],"product_brand":[],"product_cat":[18,38,85],"product_tag":[],"class_list":{"0":"post-327","1":"product","2":"type-product","3":"status-publish","4":"has-post-thumbnail","6":"product_cat-cbr-educa","7":"product_cat-atualiza","8":"product_cat-atualiza23","10":"first","11":"instock","12":"virtual","13":"sold-individually","14":"taxable","15":"purchasable","16":"product-type-simple"},"_links":{"self":[{"href":"https:\/\/cursosonline.cbr.org.br\/es\/wp-json\/wp\/v2\/product\/327","targetHints":{"allow":["GET"]}}],"collection":[{"href":"https:\/\/cursosonline.cbr.org.br\/es\/wp-json\/wp\/v2\/product"}],"about":[{"href":"https:\/\/cursosonline.cbr.org.br\/es\/wp-json\/wp\/v2\/types\/product"}],"version-history":[{"count":13,"href":"https:\/\/cursosonline.cbr.org.br\/es\/wp-json\/wp\/v2\/product\/327\/revisions"}],"predecessor-version":[{"id":33010,"href":"https:\/\/cursosonline.cbr.org.br\/es\/wp-json\/wp\/v2\/product\/327\/revisions\/33010"}],"wp:featuredmedia":[{"embeddable":true,"href":"https:\/\/cursosonline.cbr.org.br\/es\/wp-json\/wp\/v2\/media\/328"}],"wp:attachment":[{"href":"https:\/\/cursosonline.cbr.org.br\/es\/wp-json\/wp\/v2\/media?parent=327"}],"wp:term":[{"taxonomy":"product_brand","embeddable":true,"href":"https:\/\/cursosonline.cbr.org.br\/es\/wp-json\/wp\/v2\/product_brand?post=327"},{"taxonomy":"product_cat","embeddable":true,"href":"https:\/\/cursosonline.cbr.org.br\/es\/wp-json\/wp\/v2\/product_cat?post=327"},{"taxonomy":"product_tag","embeddable":true,"href":"https:\/\/cursosonline.cbr.org.br\/es\/wp-json\/wp\/v2\/product_tag?post=327"}],"curies":[{"name":"gracias","href":"https:\/\/api.w.org\/{rel}","templated":true}]}}