{"id":331,"date":"2023-09-04T16:24:46","date_gmt":"2023-09-04T19:24:46","guid":{"rendered":"https:\/\/cursosonline.cbr.org.br\/?post_type=product&#038;p=331"},"modified":"2026-03-10T13:04:09","modified_gmt":"2026-03-10T16:04:09","slug":"atualiza23-l-neurorradiologia-tumores-cerebrais-do-adulto","status":"publish","type":"product","link":"https:\/\/cursosonline.cbr.org.br\/es\/curso\/atualiza23-l-neurorradiologia-tumores-cerebrais-do-adulto\/","title":{"rendered":"Atualiza23 l Neurorradiolog\u00eda - Tumores cerebrales en adultos"},"content":{"rendered":"<div data-elementor-type=\"product-post\" data-elementor-id=\"331\" class=\"elementor elementor-331\" data-elementor-post-type=\"product\">\n\t\t\t\t\t\t<section class=\"elementor-section elementor-top-section elementor-element elementor-element-6bc4372a elementor-section-boxed elementor-section-height-default elementor-section-height-default\" data-id=\"6bc4372a\" data-element_type=\"section\">\n\t\t\t\t\t\t<div class=\"elementor-container elementor-column-gap-default\">\n\t\t\t\t\t<div class=\"elementor-column elementor-col-100 elementor-top-column elementor-element elementor-element-7e3d9110\" data-id=\"7e3d9110\" data-element_type=\"column\">\n\t\t\t<div class=\"elementor-widget-wrap elementor-element-populated\">\n\t\t\t\t\t\t<div class=\"elementor-element elementor-element-51380f0c elementor-widget elementor-widget-text-editor\" data-id=\"51380f0c\" data-element_type=\"widget\" data-widget_type=\"text-editor.default\">\n\t\t\t\t<div class=\"elementor-widget-container\">\n\t\t\t\t\t\t\t\t\t<p><strong>Coordinadores de \u00e1rea y de curso<\/strong><\/p><table border=\"0\"><tbody><tr><td><p>Leonardo Lopes de Mac\u00eado<\/p><p>Pablo Picasso de Ara\u00fajo Coimbra<\/p><\/td><\/tr><\/tbody><\/table><p><strong>Apoyo de la Sociedad Internacional<\/strong><\/p><p><img decoding=\"async\" class=\"alignnone size-full wp-image-1098\" src=\"https:\/\/cursosonline.cbr.org.br\/wp-content\/uploads\/2023\/09\/Screenshot_37-1.png\" alt=\"\" width=\"240\" height=\"70\" \/><\/p><div class=\"elementToProof\"><strong>Objetivos de aprendizaje<\/strong><\/div><div class=\"elementToProof\">\u00a0<\/div><table border=\"0\"><tbody><tr><td><ul><li>Comprender la clasificaci\u00f3n m\u00e1s reciente de los tumores cerebrales (OMS 2021);<\/li><li>Identificar los principales hallazgos imagenol\u00f3gicos y diagn\u00f3sticos diferenciales de los gliomas difusos en adultos;<\/li><li>\u00a0Identificar los principales hallazgos imagenol\u00f3gicos y diagn\u00f3sticos diferenciales de los gliomas astroc\u00edticos circunscritos;<\/li><li>Identificar los principales hallazgos de imagen y diagn\u00f3sticos diferenciales de los tumores neuronales y glioneuronales;<\/li><li>Identificar los principales hallazgos imagenol\u00f3gicos y diagn\u00f3sticos diferenciales de los meningiomas;<\/li><li>Identificar los principales hallazgos imagenol\u00f3gicos y diagn\u00f3sticos diferenciales de los tumores melanoc\u00edticos;<\/li><li>\u00a0Comprender la aplicabilidad de las t\u00e9cnicas avanzadas en la evaluaci\u00f3n de los tumores cerebrales.<\/li><\/ul><\/td><\/tr><\/tbody><\/table><p><strong>Men\u00fa<\/strong><\/p><table border=\"0\"><tbody><tr><td><p>El curso tendr\u00e1 un enfoque pr\u00e1ctico a trav\u00e9s de la discusi\u00f3n en directo de casos cl\u00ednicos, tutorizados por expertos en la materia;<\/p><p>En la plataforma cbr se pondr\u00e1n a disposici\u00f3n doce conferencias previas, que deber\u00e1n verse antes del curso para aprovechar al m\u00e1ximo los debates sobre los casos;<\/p><p>El curso se basar\u00e1 en la \u00faltima actualizaci\u00f3n de la clasificaci\u00f3n de los tumores cerebrales (OMS 2021).<\/p><p>Despu\u00e9s de este curso, los participantes deber\u00e1n ser capaces de:<\/p><ul><li>\u00a0Comprender el papel de la patolog\u00eda en la clasificaci\u00f3n de los tumores cerebrales;<\/li><li>Identificar los hallazgos de imagen de los principales tumores cerebrales en adultos;<\/li><li>Saber evaluar los tumores despu\u00e9s del tratamiento mediante im\u00e1genes;<\/li><\/ul><p>Tambi\u00e9n ver\u00e1n la importancia de los estudios moleculares en esta clasificaci\u00f3n y qu\u00e9 cabe esperar de la nueva clasificaci\u00f3n (que ser\u00e1 en 2026).<\/p><\/td><\/tr><\/tbody><\/table>\t\t\t\t\t\t\t\t<\/div>\n\t\t\t\t<\/div>\n\t\t\t\t\t<\/div>\n\t\t<\/div>\n\t\t\t\t\t<\/div>\n\t\t<\/section>\n\t\t\t\t<\/div>","protected":false},"excerpt":{"rendered":"<p>El Atualiza23 - Circuito Nacional de Radiolog\u00eda Brasile\u00f1a se celebr\u00f3 del 31 de marzo al 2 de abril. El evento tuvo lugar en el formato online 100% con el objetivo de promover la actualizaci\u00f3n te\u00f3rica y pr\u00e1ctica de los profesionales del sector. El Atualiza23 reuni\u00f3 sociedades estatales de todo Brasil y, sin precedentes, representantes de renombradas sociedades internacionales de radiolog\u00eda, ofreciendo numerosas actividades dirigidas a radi\u00f3logos y residentes.<\/p>\n<p><strong>GRATUITO PARA LOS MIEMBROS DE LA CBR.<\/strong><\/p>","protected":false},"featured_media":333,"template":"","meta":[],"product_brand":[],"product_cat":[18,38,85],"product_tag":[],"class_list":{"0":"post-331","1":"product","2":"type-product","3":"status-publish","4":"has-post-thumbnail","6":"product_cat-cbr-educa","7":"product_cat-atualiza","8":"product_cat-atualiza23","10":"first","11":"instock","12":"virtual","13":"sold-individually","14":"taxable","15":"purchasable","16":"product-type-simple"},"_links":{"self":[{"href":"https:\/\/cursosonline.cbr.org.br\/es\/wp-json\/wp\/v2\/product\/331","targetHints":{"allow":["GET"]}}],"collection":[{"href":"https:\/\/cursosonline.cbr.org.br\/es\/wp-json\/wp\/v2\/product"}],"about":[{"href":"https:\/\/cursosonline.cbr.org.br\/es\/wp-json\/wp\/v2\/types\/product"}],"version-history":[{"count":10,"href":"https:\/\/cursosonline.cbr.org.br\/es\/wp-json\/wp\/v2\/product\/331\/revisions"}],"predecessor-version":[{"id":33008,"href":"https:\/\/cursosonline.cbr.org.br\/es\/wp-json\/wp\/v2\/product\/331\/revisions\/33008"}],"wp:featuredmedia":[{"embeddable":true,"href":"https:\/\/cursosonline.cbr.org.br\/es\/wp-json\/wp\/v2\/media\/333"}],"wp:attachment":[{"href":"https:\/\/cursosonline.cbr.org.br\/es\/wp-json\/wp\/v2\/media?parent=331"}],"wp:term":[{"taxonomy":"product_brand","embeddable":true,"href":"https:\/\/cursosonline.cbr.org.br\/es\/wp-json\/wp\/v2\/product_brand?post=331"},{"taxonomy":"product_cat","embeddable":true,"href":"https:\/\/cursosonline.cbr.org.br\/es\/wp-json\/wp\/v2\/product_cat?post=331"},{"taxonomy":"product_tag","embeddable":true,"href":"https:\/\/cursosonline.cbr.org.br\/es\/wp-json\/wp\/v2\/product_tag?post=331"}],"curies":[{"name":"gracias","href":"https:\/\/api.w.org\/{rel}","templated":true}]}}