{"id":33430,"date":"2026-03-16T13:17:42","date_gmt":"2026-03-16T16:17:42","guid":{"rendered":"https:\/\/cursosonline.cbr.org.br\/?post_type=product&#038;p=33430"},"modified":"2026-04-07T16:24:40","modified_gmt":"2026-04-07T19:24:40","slug":"sig-neuro-connecta-brasil-emergencias-neurorradiologicas-tce-agosto-2026","status":"publish","type":"product","link":"https:\/\/cursosonline.cbr.org.br\/es\/curso\/sig-neuro-connecta-brasil-emergencias-neurorradiologicas-tce-agosto-2026\/","title":{"rendered":"SIG Neuro Connecta Brasil: Emergencias neurorradiol\u00f3gicas: Traumatismo craneoencef\u00e1lico (TCE) \u2013 Agosto de 2026"},"content":{"rendered":"<div data-elementor-type=\"product-post\" data-elementor-id=\"33430\" class=\"elementor elementor-33430\" data-elementor-post-type=\"product\">\n\t\t\t\t\t\t<section class=\"elementor-section elementor-top-section elementor-element elementor-element-724b985b elementor-section-boxed elementor-section-height-default elementor-section-height-default\" data-id=\"724b985b\" data-element_type=\"section\">\n\t\t\t\t\t\t<div class=\"elementor-container elementor-column-gap-default\">\n\t\t\t\t\t<div class=\"elementor-column elementor-col-100 elementor-top-column elementor-element elementor-element-200ff74e\" data-id=\"200ff74e\" data-element_type=\"column\">\n\t\t\t<div class=\"elementor-widget-wrap elementor-element-populated\">\n\t\t\t\t\t\t<div class=\"elementor-element elementor-element-546e7f23 elementor-widget elementor-widget-text-editor\" data-id=\"546e7f23\" data-element_type=\"widget\" data-widget_type=\"text-editor.default\">\n\t\t\t\t<div class=\"elementor-widget-container\">\n\t\t\t\t\t\t\t\t\t&nbsp;\r\n\r\n&nbsp;\r\n\r\n<a href=\"https:\/\/api.whatsapp.com\/send\/?phone=5511978559677&amp;text=Ol%C3%A1%2C+Estou com d\u00favidas sobre o treinamento Sig Neuro Connecta Brasil | On Demand - Visita o ISN | Junho\/2024 &amp;type=phone_number&amp;app_absent=0\"><img decoding=\"async\" class=\"aligncenter wp-image-8352\" src=\"https:\/\/cursosonline.cbr.org.br\/wp-content\/uploads\/2024\/05\/whatsapp_PNG5-300x213-1.png\" alt=\"\" width=\"100\" height=\"71\" \/><\/a>\r\n<p style=\"text-align: center\"><strong>\u00bfDificultades para acceder a la formaci\u00f3n?<\/strong><\/p>\t\t\t\t\t\t\t\t<\/div>\n\t\t\t\t<\/div>\n\t\t\t\t\t<\/div>\n\t\t<\/div>\n\t\t\t\t\t<\/div>\n\t\t<\/section>\n\t\t\t\t<section class=\"elementor-section elementor-top-section elementor-element elementor-element-667e38a elementor-section-boxed elementor-section-height-default elementor-section-height-default\" data-id=\"667e38a\" data-element_type=\"section\">\n\t\t\t\t\t\t<div class=\"elementor-container elementor-column-gap-default\">\n\t\t\t\t\t<div class=\"elementor-column elementor-col-16 elementor-top-column elementor-element elementor-element-680de4b\" data-id=\"680de4b\" data-element_type=\"column\">\n\t\t\t<div class=\"elementor-widget-wrap\">\n\t\t\t\t\t\t\t<\/div>\n\t\t<\/div>\n\t\t\t\t<div class=\"elementor-column elementor-col-66 elementor-top-column elementor-element elementor-element-204d100\" data-id=\"204d100\" data-element_type=\"column\">\n\t\t\t<div class=\"elementor-widget-wrap elementor-element-populated\">\n\t\t\t\t\t\t<div class=\"elementor-element elementor-element-bccf4b3 elementor-widget elementor-widget-text-editor\" data-id=\"bccf4b3\" data-element_type=\"widget\" data-widget_type=\"text-editor.default\">\n\t\t\t\t<div class=\"elementor-widget-container\">\n\t\t\t\t\t\t\t\t\t<h1 style=\"color: #212529; font-size: 2.5rem; font-family: system-ui, -apple-system, 'Segoe UI', Roboto, 'Helvetica Neue', Arial, 'Noto Sans', 'Liberation Sans', sans-serif; text-align: center;\">Sig Neuro Connecta Brasil<\/h1><div>\u00a0<\/div><div style=\"text-align: center;\">\u00a0Presentaci\u00f3n de caso: &quot;Emergencias neurorradiol\u00f3gicas&quot;\u201c\u00a0<\/div><div>\u00a0<\/div>\t\t\t\t\t\t\t\t<\/div>\n\t\t\t\t<\/div>\n\t\t\t\t\t<\/div>\n\t\t<\/div>\n\t\t\t\t<div class=\"elementor-column elementor-col-16 elementor-top-column elementor-element elementor-element-299e67a\" data-id=\"299e67a\" data-element_type=\"column\">\n\t\t\t<div class=\"elementor-widget-wrap\">\n\t\t\t\t\t\t\t<\/div>\n\t\t<\/div>\n\t\t\t\t\t<\/div>\n\t\t<\/section>\n\t\t\t\t<section class=\"elementor-section elementor-top-section elementor-element elementor-element-0fa255d elementor-section-boxed elementor-section-height-default elementor-section-height-default\" data-id=\"0fa255d\" data-element_type=\"section\">\n\t\t\t\t\t\t<div class=\"elementor-container elementor-column-gap-default\">\n\t\t\t\t\t<div class=\"elementor-column elementor-col-25 elementor-top-column elementor-element elementor-element-9550964\" data-id=\"9550964\" data-element_type=\"column\">\n\t\t\t<div class=\"elementor-widget-wrap\">\n\t\t\t\t\t\t\t<\/div>\n\t\t<\/div>\n\t\t\t\t<div class=\"elementor-column elementor-col-50 elementor-top-column elementor-element elementor-element-2b0503f\" data-id=\"2b0503f\" data-element_type=\"column\">\n\t\t\t<div class=\"elementor-widget-wrap\">\n\t\t\t\t\t\t\t<\/div>\n\t\t<\/div>\n\t\t\t\t<div class=\"elementor-column elementor-col-25 elementor-top-column elementor-element elementor-element-45384b9\" data-id=\"45384b9\" data-element_type=\"column\">\n\t\t\t<div class=\"elementor-widget-wrap\">\n\t\t\t\t\t\t\t<\/div>\n\t\t<\/div>\n\t\t\t\t\t<\/div>\n\t\t<\/section>\n\t\t\t\t<\/div>","protected":false},"excerpt":{"rendered":"<p><strong>SIG Neuro Connecta<\/strong><\/p>\n<p><strong>Tema:<\/strong> Presentaci\u00f3n de caso: &quot;Urgencias neurorradiol\u00f3gicas: traumatismo craneoencef\u00e1lico&quot;\u201c<br \/>\n<strong>Date:<\/strong> 19 de agosto de 2026<br \/>\n<strong>Horario:<\/strong> De 17:00 a 18:00 (hora de Brasilia)<br \/>\n<strong>Carga de trabajo:<\/strong>\u00a01 hora<br \/>\n<strong>Formato:<\/strong> En vivo en l\u00ednea<\/p>","protected":false},"featured_media":33778,"template":"","meta":[],"product_brand":[],"product_cat":[18,40,91],"product_tag":[],"class_list":{"0":"post-33430","1":"product","2":"type-product","3":"status-publish","4":"has-post-thumbnail","6":"product_cat-cbr-educa","7":"product_cat-sigs","8":"product_cat-signeuro","10":"first","11":"instock","12":"virtual","13":"sold-individually","14":"taxable","15":"purchasable","16":"product-type-simple"},"_links":{"self":[{"href":"https:\/\/cursosonline.cbr.org.br\/es\/wp-json\/wp\/v2\/product\/33430","targetHints":{"allow":["GET"]}}],"collection":[{"href":"https:\/\/cursosonline.cbr.org.br\/es\/wp-json\/wp\/v2\/product"}],"about":[{"href":"https:\/\/cursosonline.cbr.org.br\/es\/wp-json\/wp\/v2\/types\/product"}],"version-history":[{"count":6,"href":"https:\/\/cursosonline.cbr.org.br\/es\/wp-json\/wp\/v2\/product\/33430\/revisions"}],"predecessor-version":[{"id":33793,"href":"https:\/\/cursosonline.cbr.org.br\/es\/wp-json\/wp\/v2\/product\/33430\/revisions\/33793"}],"wp:featuredmedia":[{"embeddable":true,"href":"https:\/\/cursosonline.cbr.org.br\/es\/wp-json\/wp\/v2\/media\/33778"}],"wp:attachment":[{"href":"https:\/\/cursosonline.cbr.org.br\/es\/wp-json\/wp\/v2\/media?parent=33430"}],"wp:term":[{"taxonomy":"product_brand","embeddable":true,"href":"https:\/\/cursosonline.cbr.org.br\/es\/wp-json\/wp\/v2\/product_brand?post=33430"},{"taxonomy":"product_cat","embeddable":true,"href":"https:\/\/cursosonline.cbr.org.br\/es\/wp-json\/wp\/v2\/product_cat?post=33430"},{"taxonomy":"product_tag","embeddable":true,"href":"https:\/\/cursosonline.cbr.org.br\/es\/wp-json\/wp\/v2\/product_tag?post=33430"}],"curies":[{"name":"gracias","href":"https:\/\/api.w.org\/{rel}","templated":true}]}}