{"id":33474,"date":"2026-03-16T14:28:03","date_gmt":"2026-03-16T17:28:03","guid":{"rendered":"https:\/\/cursosonline.cbr.org.br\/?post_type=product&#038;p=33474"},"modified":"2026-04-07T16:05:44","modified_gmt":"2026-04-07T19:05:44","slug":"sig-radiologia-na-graduacao-presenca-digital-e-educacao-medica-jun-2026","status":"publish","type":"product","link":"https:\/\/cursosonline.cbr.org.br\/es\/curso\/sig-radiologia-na-graduacao-presenca-digital-e-educacao-medica-jun-2026\/","title":{"rendered":"Grupo de Inter\u00e9s Especial en Radiolog\u00eda en Estudios de Pregrado \u2013 Presencia Digital y Educaci\u00f3n M\u00e9dica \u2013 Junio de 2026"},"content":{"rendered":"<div data-elementor-type=\"product-post\" data-elementor-id=\"33474\" class=\"elementor elementor-33474\" data-elementor-post-type=\"product\">\n\t\t\t\t\t\t<section class=\"elementor-section elementor-top-section elementor-element elementor-element-307f4ed elementor-section-boxed elementor-section-height-default elementor-section-height-default\" data-id=\"307f4ed\" data-element_type=\"section\">\n\t\t\t\t\t\t<div class=\"elementor-container elementor-column-gap-default\">\n\t\t\t\t\t<div class=\"elementor-column elementor-col-100 elementor-top-column elementor-element elementor-element-5a46cf4\" data-id=\"5a46cf4\" data-element_type=\"column\">\n\t\t\t<div class=\"elementor-widget-wrap\">\n\t\t\t\t\t\t\t<\/div>\n\t\t<\/div>\n\t\t\t\t\t<\/div>\n\t\t<\/section>\n\t\t\t\t<\/div>","protected":false},"excerpt":{"rendered":"<p><b>SIG Radiolog\u00eda en Estudios de Pregrado\u00a0<\/b><\/p>\n<p><b>Tema: <\/b>&#8220;<span class=\"TextRun SCXW39678746 BCX0\" lang=\"PT-BR\" xml:lang=\"PT-BR\" data-contrast=\"auto\"><span class=\"NormalTextRun SCXW39678746 BCX0\">Presencia digital y educaci\u00f3n m\u00e9dica: \u00e9tica, riesgos y c\u00f3mo ense\u00f1ar sin generar ruido.<\/span><\/span>&#8220;<b><br \/>\nDate: <\/b>2 de junio de 2026, de 19:00 a 20:30 (hora de Brasilia)<b><br \/>\nFormato: <\/b>En l\u00ednea | En directo | Grabado<b><br \/>\n<\/b><\/p>","protected":false},"featured_media":33567,"template":"","meta":[],"product_brand":[],"product_cat":[18,16],"product_tag":[],"class_list":{"0":"post-33474","1":"product","2":"type-product","3":"status-publish","4":"has-post-thumbnail","6":"product_cat-cbr-educa","7":"product_cat-academico","9":"first","10":"instock","11":"virtual","12":"sold-individually","13":"purchasable","14":"product-type-simple"},"_links":{"self":[{"href":"https:\/\/cursosonline.cbr.org.br\/es\/wp-json\/wp\/v2\/product\/33474","targetHints":{"allow":["GET"]}}],"collection":[{"href":"https:\/\/cursosonline.cbr.org.br\/es\/wp-json\/wp\/v2\/product"}],"about":[{"href":"https:\/\/cursosonline.cbr.org.br\/es\/wp-json\/wp\/v2\/types\/product"}],"version-history":[{"count":5,"href":"https:\/\/cursosonline.cbr.org.br\/es\/wp-json\/wp\/v2\/product\/33474\/revisions"}],"predecessor-version":[{"id":34588,"href":"https:\/\/cursosonline.cbr.org.br\/es\/wp-json\/wp\/v2\/product\/33474\/revisions\/34588"}],"wp:featuredmedia":[{"embeddable":true,"href":"https:\/\/cursosonline.cbr.org.br\/es\/wp-json\/wp\/v2\/media\/33567"}],"wp:attachment":[{"href":"https:\/\/cursosonline.cbr.org.br\/es\/wp-json\/wp\/v2\/media?parent=33474"}],"wp:term":[{"taxonomy":"product_brand","embeddable":true,"href":"https:\/\/cursosonline.cbr.org.br\/es\/wp-json\/wp\/v2\/product_brand?post=33474"},{"taxonomy":"product_cat","embeddable":true,"href":"https:\/\/cursosonline.cbr.org.br\/es\/wp-json\/wp\/v2\/product_cat?post=33474"},{"taxonomy":"product_tag","embeddable":true,"href":"https:\/\/cursosonline.cbr.org.br\/es\/wp-json\/wp\/v2\/product_tag?post=33474"}],"curies":[{"name":"gracias","href":"https:\/\/api.w.org\/{rel}","templated":true}]}}