{"id":33514,"date":"2026-03-16T15:50:16","date_gmt":"2026-03-16T18:50:16","guid":{"rendered":"https:\/\/cursosonline.cbr.org.br\/?post_type=product&#038;p=33514"},"modified":"2026-04-07T16:04:49","modified_gmt":"2026-04-07T19:04:49","slug":"sig-radiologia-na-graduacao-musculoesqueletico-essencial-para-o-internato-set-2026","status":"publish","type":"product","link":"https:\/\/cursosonline.cbr.org.br\/es\/curso\/sig-radiologia-na-graduacao-musculoesqueletico-essencial-para-o-internato-set-2026\/","title":{"rendered":"SIG Radiolog\u00eda en Estudios de Pregrado \u2013 Sistema Musculoesquel\u00e9tico esencial para las pr\u00e1cticas \u2013 Septiembre de 2026"},"content":{"rendered":"<div data-elementor-type=\"product-post\" data-elementor-id=\"33514\" class=\"elementor elementor-33514\" data-elementor-post-type=\"product\">\n\t\t\t\t\t\t<section class=\"elementor-section elementor-top-section elementor-element elementor-element-307f4ed elementor-section-boxed elementor-section-height-default elementor-section-height-default\" data-id=\"307f4ed\" data-element_type=\"section\">\n\t\t\t\t\t\t<div class=\"elementor-container elementor-column-gap-default\">\n\t\t\t\t\t<div class=\"elementor-column elementor-col-100 elementor-top-column elementor-element elementor-element-5a46cf4\" data-id=\"5a46cf4\" data-element_type=\"column\">\n\t\t\t<div class=\"elementor-widget-wrap elementor-element-populated\">\n\t\t\t\t\t\t<div class=\"elementor-element elementor-element-d1b6743 elementor-widget elementor-widget-image\" data-id=\"d1b6743\" data-element_type=\"widget\" data-widget_type=\"image.default\">\n\t\t\t\t<div class=\"elementor-widget-container\">\n\t\t\t\t\t\t\t\t\t\t\t\t\t\t\t<img fetchpriority=\"high\" decoding=\"async\" width=\"800\" height=\"800\" src=\"https:\/\/cursosonline.cbr.org.br\/wp-content\/uploads\/2026\/02\/Post_SIG_Radiologia-na-graduacao_19_02.jpg\" class=\"attachment-large size-large wp-image-32097\" alt=\"\" srcset=\"https:\/\/cursosonline.cbr.org.br\/wp-content\/uploads\/2026\/02\/Post_SIG_Radiologia-na-graduacao_19_02.jpg 1000w, https:\/\/cursosonline.cbr.org.br\/wp-content\/uploads\/2026\/02\/Post_SIG_Radiologia-na-graduacao_19_02-300x300.jpg 300w, https:\/\/cursosonline.cbr.org.br\/wp-content\/uploads\/2026\/02\/Post_SIG_Radiologia-na-graduacao_19_02-150x150.jpg 150w, https:\/\/cursosonline.cbr.org.br\/wp-content\/uploads\/2026\/02\/Post_SIG_Radiologia-na-graduacao_19_02-768x768.jpg 768w, https:\/\/cursosonline.cbr.org.br\/wp-content\/uploads\/2026\/02\/Post_SIG_Radiologia-na-graduacao_19_02-12x12.jpg 12w, https:\/\/cursosonline.cbr.org.br\/wp-content\/uploads\/2026\/02\/Post_SIG_Radiologia-na-graduacao_19_02-600x600.jpg 600w, https:\/\/cursosonline.cbr.org.br\/wp-content\/uploads\/2026\/02\/Post_SIG_Radiologia-na-graduacao_19_02-100x100.jpg 100w\" sizes=\"(max-width: 800px) 100vw, 800px\" \/>\t\t\t\t\t\t\t\t\t\t\t\t\t\t\t<\/div>\n\t\t\t\t<\/div>\n\t\t\t\t\t<\/div>\n\t\t<\/div>\n\t\t\t\t\t<\/div>\n\t\t<\/section>\n\t\t\t\t<\/div>","protected":false},"excerpt":{"rendered":"<p><b>SIG Radiolog\u00eda en Estudios de Pregrado\u00a0<\/b><\/p>\n<p><b>Tema: <\/b>&#8220;<span class=\"TextRun SCXW17933836 BCX0\" lang=\"PT-BR\" xml:lang=\"PT-BR\" data-contrast=\"auto\"><span class=\"NormalTextRun SCXW17933836 BCX0\">Sistema musculoesquel\u00e9tico esencial para las pr\u00e1cticas: rodilla y hombro, qu\u00e9 es relevante y qu\u00e9 es secundario.<\/span><\/span>&#8220;<b><br \/>\nDate: <\/b>1 de septiembre de 2026, de 19:00 a 20:30 (hora de Brasilia)<b><br \/>\nFormato: <\/b>En l\u00ednea | En directo | Grabado<b><br \/>\n<\/b><\/p>","protected":false},"featured_media":33575,"template":"","meta":[],"product_brand":[],"product_cat":[18,16],"product_tag":[],"class_list":{"0":"post-33514","1":"product","2":"type-product","3":"status-publish","4":"has-post-thumbnail","6":"product_cat-cbr-educa","7":"product_cat-academico","9":"first","10":"instock","11":"virtual","12":"sold-individually","13":"purchasable","14":"product-type-simple"},"_links":{"self":[{"href":"https:\/\/cursosonline.cbr.org.br\/es\/wp-json\/wp\/v2\/product\/33514","targetHints":{"allow":["GET"]}}],"collection":[{"href":"https:\/\/cursosonline.cbr.org.br\/es\/wp-json\/wp\/v2\/product"}],"about":[{"href":"https:\/\/cursosonline.cbr.org.br\/es\/wp-json\/wp\/v2\/types\/product"}],"version-history":[{"count":3,"href":"https:\/\/cursosonline.cbr.org.br\/es\/wp-json\/wp\/v2\/product\/33514\/revisions"}],"predecessor-version":[{"id":34585,"href":"https:\/\/cursosonline.cbr.org.br\/es\/wp-json\/wp\/v2\/product\/33514\/revisions\/34585"}],"wp:featuredmedia":[{"embeddable":true,"href":"https:\/\/cursosonline.cbr.org.br\/es\/wp-json\/wp\/v2\/media\/33575"}],"wp:attachment":[{"href":"https:\/\/cursosonline.cbr.org.br\/es\/wp-json\/wp\/v2\/media?parent=33514"}],"wp:term":[{"taxonomy":"product_brand","embeddable":true,"href":"https:\/\/cursosonline.cbr.org.br\/es\/wp-json\/wp\/v2\/product_brand?post=33514"},{"taxonomy":"product_cat","embeddable":true,"href":"https:\/\/cursosonline.cbr.org.br\/es\/wp-json\/wp\/v2\/product_cat?post=33514"},{"taxonomy":"product_tag","embeddable":true,"href":"https:\/\/cursosonline.cbr.org.br\/es\/wp-json\/wp\/v2\/product_tag?post=33514"}],"curies":[{"name":"gracias","href":"https:\/\/api.w.org\/{rel}","templated":true}]}}