{"id":34072,"date":"2026-03-27T14:23:34","date_gmt":"2026-03-27T17:23:34","guid":{"rendered":"https:\/\/cursosonline.cbr.org.br\/?post_type=product&#038;p=34072"},"modified":"2026-04-10T11:05:25","modified_gmt":"2026-04-10T14:05:25","slug":"webinar-ultrassom-apendic-rads-desmistificando-a-apendicite-aguda-abr-26","status":"publish","type":"product","link":"https:\/\/cursosonline.cbr.org.br\/es\/curso\/webinar-ultrassom-apendic-rads-desmistificando-a-apendicite-aguda-abr-26\/","title":{"rendered":"Webinar Ultrassom &#8211; Fronteira do Conhecimento: APENDIC-RADS e Doen\u00e7a Inflamat\u00f3ria Intestinal | Abr\/26"},"content":{"rendered":"<div data-elementor-type=\"product-post\" data-elementor-id=\"34072\" class=\"elementor elementor-34072\" data-elementor-post-type=\"product\">\n\t\t\t\t\t\t<section class=\"elementor-section elementor-top-section elementor-element elementor-element-59d082f1 elementor-section-boxed elementor-section-height-default elementor-section-height-default\" data-id=\"59d082f1\" data-element_type=\"section\">\n\t\t\t\t\t\t<div class=\"elementor-container elementor-column-gap-default\">\n\t\t\t\t\t<div class=\"elementor-column elementor-col-100 elementor-top-column elementor-element elementor-element-1f592be0\" data-id=\"1f592be0\" data-element_type=\"column\">\n\t\t\t<div class=\"elementor-widget-wrap elementor-element-populated\">\n\t\t\t\t\t\t<div class=\"elementor-element elementor-element-68429d0 elementor-widget elementor-widget-text-editor\" data-id=\"68429d0\" data-element_type=\"widget\" data-widget_type=\"text-editor.default\">\n\t\t\t\t<div class=\"elementor-widget-container\">\n\t\t\t\t\t\t\t\t\t<p style=\"text-align: center\">Participe en esta edici\u00f3n de agosto del Webinar de Ecograf\u00eda, una serie de videoconferencias que re\u00fanen a renombrados especialistas para abordar temas de inter\u00e9s general en el campo de la ecograf\u00eda. Con duraci\u00f3n de una hora, estos webinars tienen lugar cada cuatro semanas, siempre el \u00faltimo martes del mes, de 20h a 21h (hora de Brasilia). Explore casos relevantes relacionados con el tema del d\u00eda, haga preguntas y disfrute de una interacci\u00f3n significativa, proporcionando una experiencia pr\u00e1ctica de aprendizaje. El objetivo es ofrecer un conocimiento claro y did\u00e1ctico, transmitido por expertos dedicados, promoviendo la colaboraci\u00f3n y la mejora en Radiolog\u00eda. \u00danase a nosotros en una jornada educativa, donde la experiencia de profesionales nacionales e internacionales se une en favor de la ense\u00f1anza y el desarrollo de la Radiolog\u00eda en Brasil.<\/p>\t\t\t\t\t\t\t\t<\/div>\n\t\t\t\t<\/div>\n\t\t\t\t\t<\/div>\n\t\t<\/div>\n\t\t\t\t\t<\/div>\n\t\t<\/section>\n\t\t\t\t<\/div>","protected":false},"excerpt":{"rendered":"<p data-start=\"221\" data-end=\"387\"><strong>GRATUITO PARA LOS MIEMBROS DE CBR<\/strong><\/p>\n<p data-start=\"221\" data-end=\"387\"><strong>Tema<\/strong>: Fronteira do Conhecimento: APENDIC-RADS e Doen\u00e7a Inflamat\u00f3ria Intestinal<\/p>\n<p data-start=\"221\" data-end=\"387\"><strong>Date:<\/strong> 28 de abril de 2026, de 20:00 a 21:00.<\/p>\n<p data-start=\"221\" data-end=\"387\"><strong>En vivo, en l\u00ednea<\/strong><\/p>\n<p>&nbsp;<\/p>","protected":false},"featured_media":34139,"template":"","meta":[],"product_brand":[],"product_cat":[18,39],"product_tag":[],"class_list":{"0":"post-34072","1":"product","2":"type-product","3":"status-publish","4":"has-post-thumbnail","6":"product_cat-cbr-educa","7":"product_cat-webinar-cbr-educa","9":"first","10":"instock","11":"virtual","12":"sold-individually","13":"taxable","14":"purchasable","15":"product-type-simple"},"_links":{"self":[{"href":"https:\/\/cursosonline.cbr.org.br\/es\/wp-json\/wp\/v2\/product\/34072","targetHints":{"allow":["GET"]}}],"collection":[{"href":"https:\/\/cursosonline.cbr.org.br\/es\/wp-json\/wp\/v2\/product"}],"about":[{"href":"https:\/\/cursosonline.cbr.org.br\/es\/wp-json\/wp\/v2\/types\/product"}],"version-history":[{"count":5,"href":"https:\/\/cursosonline.cbr.org.br\/es\/wp-json\/wp\/v2\/product\/34072\/revisions"}],"predecessor-version":[{"id":34758,"href":"https:\/\/cursosonline.cbr.org.br\/es\/wp-json\/wp\/v2\/product\/34072\/revisions\/34758"}],"wp:featuredmedia":[{"embeddable":true,"href":"https:\/\/cursosonline.cbr.org.br\/es\/wp-json\/wp\/v2\/media\/34139"}],"wp:attachment":[{"href":"https:\/\/cursosonline.cbr.org.br\/es\/wp-json\/wp\/v2\/media?parent=34072"}],"wp:term":[{"taxonomy":"product_brand","embeddable":true,"href":"https:\/\/cursosonline.cbr.org.br\/es\/wp-json\/wp\/v2\/product_brand?post=34072"},{"taxonomy":"product_cat","embeddable":true,"href":"https:\/\/cursosonline.cbr.org.br\/es\/wp-json\/wp\/v2\/product_cat?post=34072"},{"taxonomy":"product_tag","embeddable":true,"href":"https:\/\/cursosonline.cbr.org.br\/es\/wp-json\/wp\/v2\/product_tag?post=34072"}],"curies":[{"name":"gracias","href":"https:\/\/api.w.org\/{rel}","templated":true}]}}