{"id":349,"date":"2023-09-04T16:40:14","date_gmt":"2023-09-04T19:40:14","guid":{"rendered":"https:\/\/cursosonline.cbr.org.br\/?post_type=product&#038;p=349"},"modified":"2026-03-10T13:02:25","modified_gmt":"2026-03-10T16:02:25","slug":"atualiza23-l-torax-avaliacao-imagenologica-do-envolvimento-toracico-nas-doencas-do-colageno","status":"publish","type":"product","link":"https:\/\/cursosonline.cbr.org.br\/es\/curso\/atualiza23-l-torax-avaliacao-imagenologica-do-envolvimento-toracico-nas-doencas-do-colageno\/","title":{"rendered":"Atualiza23 l T\u00f3rax - Evaluaci\u00f3n por imagen de la afectaci\u00f3n tor\u00e1cica en las enfermedades del col\u00e1geno"},"content":{"rendered":"<div data-elementor-type=\"product-post\" data-elementor-id=\"349\" class=\"elementor elementor-349\" data-elementor-post-type=\"product\">\n\t\t\t\t\t\t<section class=\"elementor-section elementor-top-section elementor-element elementor-element-23a03c49 elementor-section-boxed elementor-section-height-default elementor-section-height-default\" data-id=\"23a03c49\" data-element_type=\"section\">\n\t\t\t\t\t\t<div class=\"elementor-container elementor-column-gap-default\">\n\t\t\t\t\t<div class=\"elementor-column elementor-col-100 elementor-top-column elementor-element elementor-element-173f2aca\" data-id=\"173f2aca\" data-element_type=\"column\">\n\t\t\t<div class=\"elementor-widget-wrap elementor-element-populated\">\n\t\t\t\t\t\t<div class=\"elementor-element elementor-element-43e441f7 elementor-widget elementor-widget-text-editor\" data-id=\"43e441f7\" data-element_type=\"widget\" data-widget_type=\"text-editor.default\">\n\t\t\t\t<div class=\"elementor-widget-container\">\n\t\t\t\t\t\t\t\t\t<p><strong>Coordinadores de \u00e1rea y de curso<\/strong><\/p><table border=\"0\"><tbody><tr><td><p>Gilberto Szarf<\/p><p>Luciana Volpon Soares Souza<\/p><p>Pedro Paulo Teixeira e Silva Torres<\/p><\/td><\/tr><\/tbody><\/table><p><strong>Apoyo de la Sociedad Internacional<\/strong><\/p><p><img decoding=\"async\" class=\"alignnone size-full wp-image-1068\" src=\"https:\/\/cursosonline.cbr.org.br\/wp-content\/uploads\/2023\/09\/Screenshot_28-1.png\" alt=\"\" width=\"215\" height=\"120\" \/><\/p><p><strong>Objetivos de aprendizaje<\/strong><\/p><table border=\"0\"><tbody><tr><td><p>\u00a0 \u00a0 \u00a0 Al finalizar este curso, los participantes ser\u00e1n capaces de:<\/p><ul><li>Comprender los conceptos cl\u00ednicos y de laboratorio implicados en el diagn\u00f3stico de las enfermedades del col\u00e1geno, as\u00ed como los aspectos en los que los m\u00e9todos de imagen pueden ayudar al reumat\u00f3logo en su definici\u00f3n;<\/li><li>Revisar los conceptos b\u00e1sicos del enfoque diagn\u00f3stico de la tomograf\u00eda computarizada de alta resoluci\u00f3n del t\u00f3rax;<\/li><li>Conocer los principales patrones de afectaci\u00f3n tor\u00e1cica en las enfermedades del col\u00e1geno, incluidas las enfermedades pulmonares intersticiales; la afectaci\u00f3n de las v\u00edas respiratorias; la pleura y el es\u00f3fago;<\/li><li>\u00a0Reconocer las posibles complicaciones del tratamiento en las enfermedades del col\u00e1geno y sus patrones de afectaci\u00f3n pulmonar;<\/li><li>Contextualizar el concepto de fibrosis pulmonar progresiva dentro de la afectaci\u00f3n intersticial pulmonar en las enfermedades del col\u00e1geno, reconociendo patrones de evoluci\u00f3n y t\u00e9cnicas de cuantificaci\u00f3n.<\/li><\/ul><\/td><\/tr><\/tbody><\/table><p><strong>Men\u00fa<\/strong><\/p><table border=\"0\"><tbody><tr><td><p>Se revisar\u00e1n los conceptos implicados en la aplicabilidad de los m\u00e9todos de imagen para el diagn\u00f3stico, la gesti\u00f3n y el seguimiento en las enfermedades del col\u00e1geno. Estos temas se tratar\u00e1n mediante breves conferencias y la discusi\u00f3n de casos seleccionados por radi\u00f3logos expertos en imagen tor\u00e1cica y reumat\u00f3logos.<\/p><p>Las lecciones (p\u00edldoras de conocimiento) estar\u00e1n disponibles con antelaci\u00f3n en la plataforma del evento y los casos preseleccionados se debatir\u00e1n en directo.<\/p><\/td><\/tr><\/tbody><\/table>\t\t\t\t\t\t\t\t<\/div>\n\t\t\t\t<\/div>\n\t\t\t\t\t<\/div>\n\t\t<\/div>\n\t\t\t\t\t<\/div>\n\t\t<\/section>\n\t\t\t\t<\/div>","protected":false},"excerpt":{"rendered":"<p>El Atualiza23 - Circuito Nacional de Radiolog\u00eda Brasile\u00f1a se celebr\u00f3 del 31 de marzo al 2 de abril. El evento tuvo lugar en el formato online 100% con el objetivo de promover la actualizaci\u00f3n te\u00f3rica y pr\u00e1ctica de los profesionales del sector. El Atualiza23 reuni\u00f3 sociedades estatales de todo Brasil y, sin precedentes, representantes de renombradas sociedades internacionales de radiolog\u00eda, ofreciendo numerosas actividades dirigidas a radi\u00f3logos y residentes.<\/p>\n<p><strong>GRATUITO PARA LOS MIEMBROS DE LA CBR.<\/strong><\/p>","protected":false},"featured_media":350,"template":"","meta":[],"product_brand":[],"product_cat":[18,38,85],"product_tag":[],"class_list":{"0":"post-349","1":"product","2":"type-product","3":"status-publish","4":"has-post-thumbnail","6":"product_cat-cbr-educa","7":"product_cat-atualiza","8":"product_cat-atualiza23","10":"first","11":"instock","12":"virtual","13":"sold-individually","14":"taxable","15":"purchasable","16":"product-type-simple"},"_links":{"self":[{"href":"https:\/\/cursosonline.cbr.org.br\/es\/wp-json\/wp\/v2\/product\/349","targetHints":{"allow":["GET"]}}],"collection":[{"href":"https:\/\/cursosonline.cbr.org.br\/es\/wp-json\/wp\/v2\/product"}],"about":[{"href":"https:\/\/cursosonline.cbr.org.br\/es\/wp-json\/wp\/v2\/types\/product"}],"version-history":[{"count":17,"href":"https:\/\/cursosonline.cbr.org.br\/es\/wp-json\/wp\/v2\/product\/349\/revisions"}],"predecessor-version":[{"id":33001,"href":"https:\/\/cursosonline.cbr.org.br\/es\/wp-json\/wp\/v2\/product\/349\/revisions\/33001"}],"wp:featuredmedia":[{"embeddable":true,"href":"https:\/\/cursosonline.cbr.org.br\/es\/wp-json\/wp\/v2\/media\/350"}],"wp:attachment":[{"href":"https:\/\/cursosonline.cbr.org.br\/es\/wp-json\/wp\/v2\/media?parent=349"}],"wp:term":[{"taxonomy":"product_brand","embeddable":true,"href":"https:\/\/cursosonline.cbr.org.br\/es\/wp-json\/wp\/v2\/product_brand?post=349"},{"taxonomy":"product_cat","embeddable":true,"href":"https:\/\/cursosonline.cbr.org.br\/es\/wp-json\/wp\/v2\/product_cat?post=349"},{"taxonomy":"product_tag","embeddable":true,"href":"https:\/\/cursosonline.cbr.org.br\/es\/wp-json\/wp\/v2\/product_tag?post=349"}],"curies":[{"name":"gracias","href":"https:\/\/api.w.org\/{rel}","templated":true}]}}