{"id":353,"date":"2023-09-04T16:43:55","date_gmt":"2023-09-04T19:43:55","guid":{"rendered":"https:\/\/cursosonline.cbr.org.br\/?post_type=product&#038;p=353"},"modified":"2026-03-10T13:02:13","modified_gmt":"2026-03-10T16:02:13","slug":"atualiza23-l-torax-imagem-pulmonar-em-oncologia","status":"publish","type":"product","link":"https:\/\/cursosonline.cbr.org.br\/es\/curso\/atualiza23-l-torax-imagem-pulmonar-em-oncologia\/","title":{"rendered":"Atualiza23 l T\u00f3rax - Imagen pulmonar en oncolog\u00eda"},"content":{"rendered":"<div data-elementor-type=\"product-post\" data-elementor-id=\"353\" class=\"elementor elementor-353\" data-elementor-post-type=\"product\">\n\t\t\t\t\t\t<section class=\"elementor-section elementor-top-section elementor-element elementor-element-aa07389 elementor-section-boxed elementor-section-height-default elementor-section-height-default\" data-id=\"aa07389\" data-element_type=\"section\">\n\t\t\t\t\t\t<div class=\"elementor-container elementor-column-gap-default\">\n\t\t\t\t\t<div class=\"elementor-column elementor-col-100 elementor-top-column elementor-element elementor-element-77b614f\" data-id=\"77b614f\" data-element_type=\"column\">\n\t\t\t<div class=\"elementor-widget-wrap elementor-element-populated\">\n\t\t\t\t\t\t<div class=\"elementor-element elementor-element-741f6da8 elementor-widget elementor-widget-text-editor\" data-id=\"741f6da8\" data-element_type=\"widget\" data-widget_type=\"text-editor.default\">\n\t\t\t\t<div class=\"elementor-widget-container\">\n\t\t\t\t\t\t\t\t\t<p><strong>Coordinadores de \u00e1rea y de curso<\/strong><\/p><table border=\"0\"><tbody><tr><td><p>Gilberto Szarf<\/p><p>Luciana Volpon Soares Souza<\/p><p>Pedro Paulo Teixeira e Silva Torres<\/p><\/td><\/tr><\/tbody><\/table><p>\u00a0<\/p><p><strong>Apoyo de la Sociedad Internacional<\/strong><\/p><p><img decoding=\"async\" class=\"alignnone size-full wp-image-1068\" src=\"https:\/\/cursosonline.cbr.org.br\/wp-content\/uploads\/2023\/09\/Screenshot_28-1.png\" alt=\"\" width=\"215\" height=\"120\" \/><\/p><p><strong>Objetivos de aprendizaje<\/strong><\/p><table border=\"0\"><tbody><tr><td><p>\u00a0 \u00a0 \u00a0Al finalizar este curso, los participantes ser\u00e1n capaces de:<\/p><ul><li>Reconocer los aspectos imagenol\u00f3gicos que apoyan la predicci\u00f3n de benignidad y malignidad en lesiones pulmonares focales, as\u00ed como conocer y aplicar las gu\u00edas en las que se basan las sugerencias actuales de manejo;<\/li><li>Conocer la aplicabilidad y las limitaciones del diagn\u00f3stico invasivo guiado por imagen en lesiones sospechosas de neoplasia, as\u00ed como revisar la estadificaci\u00f3n por imagen de las lesiones neopl\u00e1sicas pulmonares;<\/li><li>Comprender el papel del radi\u00f3logo en la planificaci\u00f3n de intervenciones quir\u00fargicas pulmonares;<\/li><li>Conocer las principales modalidades de tratamiento farmacol\u00f3gico y radioter\u00e1pico, as\u00ed como sus principales complicaciones imagenol\u00f3gicas.<\/li><\/ul><\/td><\/tr><\/tbody><\/table><p><strong>Men\u00fa<\/strong><\/p><table border=\"0\"><tbody><tr><td><p>Se revisar\u00e1n los conceptos implicados en la investigaci\u00f3n, la gesti\u00f3n y el tratamiento de las neoplasias pulmonares y su interfaz con el diagn\u00f3stico por imagen.<\/p><p>Estos aspectos se tratar\u00e1n mediante breves conferencias y discusiones de casos seleccionados por radi\u00f3logos y cirujanos tor\u00e1cicos.<\/p><p>Las lecciones (p\u00edldoras de conocimiento) estar\u00e1n disponibles con antelaci\u00f3n en la plataforma del evento y los casos preseleccionados se debatir\u00e1n en directo.<\/p><\/td><\/tr><\/tbody><\/table>\t\t\t\t\t\t\t\t<\/div>\n\t\t\t\t<\/div>\n\t\t\t\t\t<\/div>\n\t\t<\/div>\n\t\t\t\t\t<\/div>\n\t\t<\/section>\n\t\t\t\t<section class=\"elementor-section elementor-top-section elementor-element elementor-element-4a7cb02 elementor-section-boxed elementor-section-height-default elementor-section-height-default\" data-id=\"4a7cb02\" data-element_type=\"section\">\n\t\t\t\t\t\t<div class=\"elementor-container elementor-column-gap-default\">\n\t\t\t\t\t<div class=\"elementor-column elementor-col-100 elementor-top-column elementor-element elementor-element-90c342e\" data-id=\"90c342e\" data-element_type=\"column\">\n\t\t\t<div class=\"elementor-widget-wrap elementor-element-populated\">\n\t\t\t\t\t\t\t<\/div>\n\t\t<\/div>\n\t\t\t\t\t<\/div>\n\t\t<\/section>\n\t\t\t\t<section class=\"elementor-section elementor-top-section elementor-element elementor-element-3aac7b2 elementor-section-boxed elementor-section-height-default elementor-section-height-default\" data-id=\"3aac7b2\" data-element_type=\"section\">\n\t\t\t\t\t\t<div class=\"elementor-container elementor-column-gap-default\">\n\t\t\t\t\t<div class=\"elementor-column elementor-col-100 elementor-top-column elementor-element elementor-element-ee4ccf4\" data-id=\"ee4ccf4\" data-element_type=\"column\">\n\t\t\t<div class=\"elementor-widget-wrap elementor-element-populated\">\n\t\t\t\t\t\t\t<\/div>\n\t\t<\/div>\n\t\t\t\t\t<\/div>\n\t\t<\/section>\n\t\t\t\t<section class=\"elementor-section elementor-top-section elementor-element elementor-element-1f71cad elementor-section-boxed elementor-section-height-default elementor-section-height-default\" data-id=\"1f71cad\" data-element_type=\"section\">\n\t\t\t\t\t\t<div class=\"elementor-container elementor-column-gap-default\">\n\t\t\t\t\t<div class=\"elementor-column elementor-col-100 elementor-top-column elementor-element elementor-element-855d854\" data-id=\"855d854\" data-element_type=\"column\">\n\t\t\t<div class=\"elementor-widget-wrap elementor-element-populated\">\n\t\t\t\t\t\t<div class=\"elementor-element elementor-element-920373a elementor-widget elementor-widget-text-editor\" data-id=\"920373a\" data-element_type=\"widget\" data-widget_type=\"text-editor.default\">\n\t\t\t\t<div class=\"elementor-widget-container\">\n\t\t\t\t\t\t\t\t\t<p>Lorem ipsum dolor sit amet, consectetur adipiscing elit. Ut elit tellus, luctus nec ullamcorper mattis, pulvinar dapibus leo.<\/p>\t\t\t\t\t\t\t\t<\/div>\n\t\t\t\t<\/div>\n\t\t\t\t\t<\/div>\n\t\t<\/div>\n\t\t\t\t\t<\/div>\n\t\t<\/section>\n\t\t\t\t<\/div>","protected":false},"excerpt":{"rendered":"<p>El Atualiza23 - Circuito Nacional de Radiolog\u00eda Brasile\u00f1a se celebr\u00f3 del 31 de marzo al 2 de abril. El evento tuvo lugar en el formato online 100% con el objetivo de promover la actualizaci\u00f3n te\u00f3rica y pr\u00e1ctica de los profesionales del sector. El Atualiza23 reuni\u00f3 sociedades estatales de todo Brasil y, sin precedentes, representantes de renombradas sociedades internacionales de radiolog\u00eda, ofreciendo numerosas actividades dirigidas a radi\u00f3logos y residentes.<\/p>\n<p><strong>GRATUITO PARA LOS MIEMBROS DE LA CBR.<\/strong><\/p>","protected":false},"featured_media":354,"template":"","meta":[],"product_brand":[],"product_cat":[18,38,85],"product_tag":[],"class_list":{"0":"post-353","1":"product","2":"type-product","3":"status-publish","4":"has-post-thumbnail","6":"product_cat-cbr-educa","7":"product_cat-atualiza","8":"product_cat-atualiza23","10":"first","11":"instock","12":"virtual","13":"sold-individually","14":"taxable","15":"purchasable","16":"product-type-simple"},"_links":{"self":[{"href":"https:\/\/cursosonline.cbr.org.br\/es\/wp-json\/wp\/v2\/product\/353","targetHints":{"allow":["GET"]}}],"collection":[{"href":"https:\/\/cursosonline.cbr.org.br\/es\/wp-json\/wp\/v2\/product"}],"about":[{"href":"https:\/\/cursosonline.cbr.org.br\/es\/wp-json\/wp\/v2\/types\/product"}],"version-history":[{"count":17,"href":"https:\/\/cursosonline.cbr.org.br\/es\/wp-json\/wp\/v2\/product\/353\/revisions"}],"predecessor-version":[{"id":32999,"href":"https:\/\/cursosonline.cbr.org.br\/es\/wp-json\/wp\/v2\/product\/353\/revisions\/32999"}],"wp:featuredmedia":[{"embeddable":true,"href":"https:\/\/cursosonline.cbr.org.br\/es\/wp-json\/wp\/v2\/media\/354"}],"wp:attachment":[{"href":"https:\/\/cursosonline.cbr.org.br\/es\/wp-json\/wp\/v2\/media?parent=353"}],"wp:term":[{"taxonomy":"product_brand","embeddable":true,"href":"https:\/\/cursosonline.cbr.org.br\/es\/wp-json\/wp\/v2\/product_brand?post=353"},{"taxonomy":"product_cat","embeddable":true,"href":"https:\/\/cursosonline.cbr.org.br\/es\/wp-json\/wp\/v2\/product_cat?post=353"},{"taxonomy":"product_tag","embeddable":true,"href":"https:\/\/cursosonline.cbr.org.br\/es\/wp-json\/wp\/v2\/product_tag?post=353"}],"curies":[{"name":"gracias","href":"https:\/\/api.w.org\/{rel}","templated":true}]}}