{"id":35408,"date":"2026-05-04T10:52:19","date_gmt":"2026-05-04T13:52:19","guid":{"rendered":"https:\/\/cursosonline.cbr.org.br\/?post_type=product&#038;p=35408"},"modified":"2026-05-05T09:50:13","modified_gmt":"2026-05-05T12:50:13","slug":"curso-auditor-interno-interpretacao-da-norma-padi-versao-6-0_tecnolab","status":"publish","type":"product","link":"https:\/\/cursosonline.cbr.org.br\/es\/curso\/curso-auditor-interno-interpretacao-da-norma-padi-versao-6-0_tecnolab\/","title":{"rendered":"Curso de Auditor Interno + Interpretaci\u00f3n del Est\u00e1ndar PADI \u2013 Versi\u00f3n 6.0_TECNOLAB"},"content":{"rendered":"<div data-elementor-type=\"product-post\" data-elementor-id=\"35408\" class=\"elementor elementor-35408\" data-elementor-post-type=\"product\">\n\t\t\t\t\t\t<section class=\"elementor-section elementor-top-section elementor-element elementor-element-89cc7a0 elementor-section-boxed elementor-section-height-default elementor-section-height-default\" data-id=\"89cc7a0\" data-element_type=\"section\">\n\t\t\t\t\t\t<div class=\"elementor-container elementor-column-gap-default\">\n\t\t\t\t\t<div class=\"elementor-column elementor-col-100 elementor-top-column elementor-element elementor-element-c7d7d75\" data-id=\"c7d7d75\" data-element_type=\"column\">\n\t\t\t<div class=\"elementor-widget-wrap\">\n\t\t\t\t\t\t\t<\/div>\n\t\t<\/div>\n\t\t\t\t\t<\/div>\n\t\t<\/section>\n\t\t\t\t<section class=\"elementor-section elementor-top-section elementor-element elementor-element-1ea73526 elementor-section-boxed elementor-section-height-default elementor-section-height-default\" data-id=\"1ea73526\" data-element_type=\"section\">\n\t\t\t\t\t\t<div class=\"elementor-container elementor-column-gap-default\">\n\t\t\t\t\t<div class=\"elementor-column elementor-col-33 elementor-top-column elementor-element elementor-element-3177c82\" data-id=\"3177c82\" data-element_type=\"column\">\n\t\t\t<div class=\"elementor-widget-wrap\">\n\t\t\t\t\t\t\t<\/div>\n\t\t<\/div>\n\t\t\t\t<div class=\"elementor-column elementor-col-33 elementor-top-column elementor-element elementor-element-151a6aef\" data-id=\"151a6aef\" data-element_type=\"column\">\n\t\t\t<div class=\"elementor-widget-wrap elementor-element-populated\">\n\t\t\t\t\t\t<div class=\"elementor-element elementor-element-c9b9634 elementor-widget elementor-widget-image\" data-id=\"c9b9634\" data-element_type=\"widget\" data-widget_type=\"image.default\">\n\t\t\t\t<div class=\"elementor-widget-container\">\n\t\t\t\t\t\t\t\t\t\t\t\t\t\t\t<img decoding=\"async\" src=\"https:\/\/cursosonline.cbr.org.br\/wp-content\/uploads\/2024\/04\/Banner-Site-CBR_Auditor-Interno-Padi-Interpretacao-da-Norma-Padi-Versao-6_Desktop.jpg\" title=\"\" alt=\"\" loading=\"lazy\" \/>\t\t\t\t\t\t\t\t\t\t\t\t\t\t\t<\/div>\n\t\t\t\t<\/div>\n\t\t\t\t<div class=\"elementor-element elementor-element-518b4096 elementor-widget elementor-widget-text-editor\" data-id=\"518b4096\" data-element_type=\"widget\" data-widget_type=\"text-editor.default\">\n\t\t\t\t<div class=\"elementor-widget-container\">\n\t\t\t\t\t\t\t\t\t<div><img fetchpriority=\"high\" decoding=\"async\" class=\"alignnone size-large wp-image-32021\" src=\"https:\/\/cursosonline.cbr.org.br\/wp-content\/uploads\/2026\/02\/Banner-Site-CBR_Auditor-Interno-Padi-Interpretacao-da-Norma-Padi-Versao-6.0_Desktop-1024x427.jpg\" alt=\"\" width=\"800\" height=\"334\" srcset=\"https:\/\/cursosonline.cbr.org.br\/wp-content\/uploads\/2026\/02\/Banner-Site-CBR_Auditor-Interno-Padi-Interpretacao-da-Norma-Padi-Versao-6.0_Desktop-1024x427.jpg 1024w, https:\/\/cursosonline.cbr.org.br\/wp-content\/uploads\/2026\/02\/Banner-Site-CBR_Auditor-Interno-Padi-Interpretacao-da-Norma-Padi-Versao-6.0_Desktop-300x125.jpg 300w, https:\/\/cursosonline.cbr.org.br\/wp-content\/uploads\/2026\/02\/Banner-Site-CBR_Auditor-Interno-Padi-Interpretacao-da-Norma-Padi-Versao-6.0_Desktop-768x320.jpg 768w, https:\/\/cursosonline.cbr.org.br\/wp-content\/uploads\/2026\/02\/Banner-Site-CBR_Auditor-Interno-Padi-Interpretacao-da-Norma-Padi-Versao-6.0_Desktop-18x8.jpg 18w, https:\/\/cursosonline.cbr.org.br\/wp-content\/uploads\/2026\/02\/Banner-Site-CBR_Auditor-Interno-Padi-Interpretacao-da-Norma-Padi-Versao-6.0_Desktop-600x250.jpg 600w, https:\/\/cursosonline.cbr.org.br\/wp-content\/uploads\/2026\/02\/Banner-Site-CBR_Auditor-Interno-Padi-Interpretacao-da-Norma-Padi-Versao-6.0_Desktop.jpg 1200w\" sizes=\"(max-width: 800px) 100vw, 800px\" \/><\/div><div><br><\/div><ul><li><strong><span style=\"color: #000000\">Curso<\/span><\/strong><\/li>\n<li><span style=\"color: #000000\"><span style=\"color: #000000\">Formato: Presencial (Sede CBR);&nbsp;<\/span><\/span><\/li>\n<li><span style=\"color: #000000\"><span style=\"color: #000000\"> Fecha: 15 y 16 de mayo;&nbsp;<\/span><\/span><\/li>\n<li>Horario de apertura: 8:30 a 18:00 horas.<\/li>\n<li>\n<blockquote data-start=\"126\" data-end=\"221\">\n<p data-start=\"128\" data-end=\"221\"><strong>Si no se alcanza el n\u00famero m\u00ednimo de inscripciones, el curso se pospondr\u00e1 a una nueva fecha.<\/strong><\/p>\n<\/blockquote>\n<p data-start=\"223\" data-end=\"252\">\n<\/p><\/li>\n<\/ul>\n<h2 style=\"text-align: center\"><strong><span style=\"color: #000000\">Requisitos previos<\/span><\/strong><\/h2>\n<div><strong><span style=\"color: #000000\">&nbsp;<\/span><\/strong><\/div>\n<ul>\n<li><span style=\"color: #000000\"><span style=\"color: #000000\">La inscripci\u00f3n debe hacerse individualmente seg\u00fan el nombre del alumno que asistir\u00e1 al curso.<\/span><\/span><\/li>\n<\/ul>\n<h2 style=\"text-align: center\"><strong><span style=\"color: #000000\">Objetivos<\/span><\/strong><\/h2>\n<ul>\n<li><span style=\"color: #000000\">Los cursos de Interpretaci\u00f3n de la Norma PADI versi\u00f3n 6 y Auditor Interno tienen como objetivo capacitar a los participantes en la planificaci\u00f3n, programaci\u00f3n, ejecuci\u00f3n y elaboraci\u00f3n de informes de auditor\u00edas seg\u00fan los criterios de la norma PADI versi\u00f3n 6 y la norma ISO 19011:2018. Este curso es presencial.<\/span><\/li>\n<\/ul>\n<h2 style=\"text-align: center\"><span style=\"color: #000000\"><strong>Destinatarios<\/strong><\/span><\/h2>\n<ul>\n<li><span style=\"color: #000000\"><span style=\"color: #000000\">Profesionales de diferentes \u00e1reas implicados en el desarrollo, mantenimiento y mejora de los sistemas de gesti\u00f3n de la calidad en los Servicios de Diagn\u00f3stico por Imagen, especialmente gestores cl\u00ednicos, consultores, auditores, directores y profesionales de calidad de cl\u00ednicas de radiolog\u00eda y diagn\u00f3stico por imagen.<\/span><\/span><\/li>\n<\/ul>\n<h2 style=\"text-align: center\"><span style=\"color: #000000\"><strong>M\u00e9todo de ense\u00f1anza<\/strong><\/span><\/h2>\n<ul>\n<li><span style=\"color: #000000\">El curso se realiza de manera presencial.&nbsp;<\/span><\/li>\n<\/ul>\n<p><span style=\"color: #000000\">&nbsp;<\/span><\/p>\n<h2 style=\"text-align: center\"><span style=\"color: #000000\"><strong>Contenido del curso<\/strong><\/span><\/h2>\n<ul>\n<li>Interpretaci\u00f3n de la versi\u00f3n 6 del est\u00e1ndar PADI<\/li>\n<li>T\u00e9cnicas y metodolog\u00eda de auditor\u00eda;<\/li>\n<li>Actividades te\u00f3ricas y pr\u00e1cticas;<\/li>\n<li>Din\u00e1mica y ejercicios aplicados;<\/li>\n<li>Metodolog\u00eda Tracer;<\/li>\n<li>Elaboraci\u00f3n, aplicaci\u00f3n y correcci\u00f3n de evaluaciones (cuando corresponda);<\/li>\n<li>Certificaci\u00f3n para participantes con una asistencia m\u00ednima de 90% de las horas del curso.<\/li>\n<\/ul>\n<h2 style=\"text-align: center\"><span style=\"color: #000000\"><strong>M\u00e9todo de ense\u00f1anza<\/strong><\/span><\/h2>\n<ul>\n<li><span style=\"color: #000000\">El curso consta de clases y actividades presenciales, basadas en el Trayecto del Paciente en un servicio de Imagenolog\u00eda.<\/span><\/li>\n<li><span style=\"color: #000000\">Exposici\u00f3n oral y dialogada, abordando los aspectos pr\u00e1cticos de los temas que se tratar\u00e1n y, en su caso, se contextualizar\u00e1n con la teor\u00eda respectiva.<\/span><\/li>\n<li><span style=\"color: #000000\"><span style=\"color: #000000\"><span style=\"color: #000000\">La din\u00e1mica de aprendizaje puede incluir estudios de casos, an\u00e1lisis de informes de auditor\u00eda, discusiones grupales, reflexi\u00f3n guiada, producci\u00f3n de textos y actividades grupales o individuales para la consolidaci\u00f3n efectiva del conocimiento, cuando sea necesario.<\/span><\/span><\/span><\/li>\n<\/ul>\n<p><span style=\"font-weight: bolder;color: #000000;font-size: calc(1.325rem + 0.9vw);text-align: center\">&nbsp; &nbsp; &nbsp; &nbsp; &nbsp; &nbsp; &nbsp; &nbsp; &nbsp; &nbsp; &nbsp; &nbsp; &nbsp; &nbsp; &nbsp; &nbsp; &nbsp; &nbsp; &nbsp; &nbsp; Profesores:<\/span><\/p>\t\t\t\t\t\t\t\t<\/div>\n\t\t\t\t<\/div>\n\t\t\t\t<div class=\"elementor-element elementor-element-0c21e78 elementor-widget elementor-widget-image\" data-id=\"0c21e78\" data-element_type=\"widget\" data-widget_type=\"image.default\">\n\t\t\t\t<div class=\"elementor-widget-container\">\n\t\t\t\t\t\t\t\t\t\t\t\t\t\t\t<img decoding=\"async\" width=\"800\" height=\"334\" src=\"https:\/\/cursosonline.cbr.org.br\/wp-content\/uploads\/2024\/04\/CursoAuditorInterno_CristinaKhawali-1-1024x427.jpg\" class=\"attachment-large size-large wp-image-30932\" alt=\"\" srcset=\"https:\/\/cursosonline.cbr.org.br\/wp-content\/uploads\/2024\/04\/CursoAuditorInterno_CristinaKhawali-1-1024x427.jpg 1024w, https:\/\/cursosonline.cbr.org.br\/wp-content\/uploads\/2024\/04\/CursoAuditorInterno_CristinaKhawali-1-300x125.jpg 300w, https:\/\/cursosonline.cbr.org.br\/wp-content\/uploads\/2024\/04\/CursoAuditorInterno_CristinaKhawali-1-768x320.jpg 768w, https:\/\/cursosonline.cbr.org.br\/wp-content\/uploads\/2024\/04\/CursoAuditorInterno_CristinaKhawali-1-18x8.jpg 18w, https:\/\/cursosonline.cbr.org.br\/wp-content\/uploads\/2024\/04\/CursoAuditorInterno_CristinaKhawali-1-600x250.jpg 600w, https:\/\/cursosonline.cbr.org.br\/wp-content\/uploads\/2024\/04\/CursoAuditorInterno_CristinaKhawali-1.jpg 1200w\" sizes=\"(max-width: 800px) 100vw, 800px\" \/>\t\t\t\t\t\t\t\t\t\t\t\t\t\t\t<\/div>\n\t\t\t\t<\/div>\n\t\t\t\t<div class=\"elementor-element elementor-element-456fa8d elementor-widget elementor-widget-image\" data-id=\"456fa8d\" data-element_type=\"widget\" data-widget_type=\"image.default\">\n\t\t\t\t<div class=\"elementor-widget-container\">\n\t\t\t\t\t\t\t\t\t\t\t\t\t\t\t<img decoding=\"async\" width=\"800\" height=\"334\" src=\"https:\/\/cursosonline.cbr.org.br\/wp-content\/uploads\/2024\/04\/CursoAuditorInterno_AnaPaulaRangel-1-1024x427.jpg\" class=\"attachment-large size-large wp-image-30933\" alt=\"\" srcset=\"https:\/\/cursosonline.cbr.org.br\/wp-content\/uploads\/2024\/04\/CursoAuditorInterno_AnaPaulaRangel-1-1024x427.jpg 1024w, https:\/\/cursosonline.cbr.org.br\/wp-content\/uploads\/2024\/04\/CursoAuditorInterno_AnaPaulaRangel-1-300x125.jpg 300w, https:\/\/cursosonline.cbr.org.br\/wp-content\/uploads\/2024\/04\/CursoAuditorInterno_AnaPaulaRangel-1-768x320.jpg 768w, https:\/\/cursosonline.cbr.org.br\/wp-content\/uploads\/2024\/04\/CursoAuditorInterno_AnaPaulaRangel-1-18x8.jpg 18w, https:\/\/cursosonline.cbr.org.br\/wp-content\/uploads\/2024\/04\/CursoAuditorInterno_AnaPaulaRangel-1-600x250.jpg 600w, https:\/\/cursosonline.cbr.org.br\/wp-content\/uploads\/2024\/04\/CursoAuditorInterno_AnaPaulaRangel-1.jpg 1200w\" sizes=\"(max-width: 800px) 100vw, 800px\" \/>\t\t\t\t\t\t\t\t\t\t\t\t\t\t\t<\/div>\n\t\t\t\t<\/div>\n\t\t\t\t<div class=\"elementor-element elementor-element-1b04ec1 elementor-widget elementor-widget-image\" data-id=\"1b04ec1\" data-element_type=\"widget\" data-widget_type=\"image.default\">\n\t\t\t\t<div class=\"elementor-widget-container\">\n\t\t\t\t\t\t\t\t\t\t\t\t\t\t\t<img loading=\"lazy\" decoding=\"async\" width=\"800\" height=\"334\" src=\"https:\/\/cursosonline.cbr.org.br\/wp-content\/uploads\/2024\/04\/CursoAuditorInterno_MariaLuizaLandman-1-1024x427.jpg\" class=\"attachment-large size-large wp-image-31047\" alt=\"\" srcset=\"https:\/\/cursosonline.cbr.org.br\/wp-content\/uploads\/2024\/04\/CursoAuditorInterno_MariaLuizaLandman-1-1024x427.jpg 1024w, https:\/\/cursosonline.cbr.org.br\/wp-content\/uploads\/2024\/04\/CursoAuditorInterno_MariaLuizaLandman-1-300x125.jpg 300w, https:\/\/cursosonline.cbr.org.br\/wp-content\/uploads\/2024\/04\/CursoAuditorInterno_MariaLuizaLandman-1-768x320.jpg 768w, https:\/\/cursosonline.cbr.org.br\/wp-content\/uploads\/2024\/04\/CursoAuditorInterno_MariaLuizaLandman-1-18x8.jpg 18w, https:\/\/cursosonline.cbr.org.br\/wp-content\/uploads\/2024\/04\/CursoAuditorInterno_MariaLuizaLandman-1-600x250.jpg 600w, https:\/\/cursosonline.cbr.org.br\/wp-content\/uploads\/2024\/04\/CursoAuditorInterno_MariaLuizaLandman-1.jpg 1200w\" sizes=\"(max-width: 800px) 100vw, 800px\" \/>\t\t\t\t\t\t\t\t\t\t\t\t\t\t\t<\/div>\n\t\t\t\t<\/div>\n\t\t\t\t\t<\/div>\n\t\t<\/div>\n\t\t\t\t<div class=\"elementor-column elementor-col-33 elementor-top-column elementor-element elementor-element-a9537b2\" data-id=\"a9537b2\" data-element_type=\"column\">\n\t\t\t<div class=\"elementor-widget-wrap\">\n\t\t\t\t\t\t\t<\/div>\n\t\t<\/div>\n\t\t\t\t\t<\/div>\n\t\t<\/section>\n\t\t\t\t<section class=\"elementor-section elementor-top-section elementor-element elementor-element-64d63737 elementor-section-boxed elementor-section-height-default elementor-section-height-default\" data-id=\"64d63737\" data-element_type=\"section\">\n\t\t\t\t\t\t<div class=\"elementor-container elementor-column-gap-default\">\n\t\t\t\t\t<div class=\"elementor-column elementor-col-33 elementor-top-column elementor-element elementor-element-1f2b79aa\" data-id=\"1f2b79aa\" data-element_type=\"column\">\n\t\t\t<div class=\"elementor-widget-wrap\">\n\t\t\t\t\t\t\t<\/div>\n\t\t<\/div>\n\t\t\t\t<div class=\"elementor-column elementor-col-33 elementor-top-column elementor-element elementor-element-306182f8\" data-id=\"306182f8\" data-element_type=\"column\">\n\t\t\t<div class=\"elementor-widget-wrap elementor-element-populated\">\n\t\t\t\t\t\t<div class=\"elementor-element elementor-element-3b24f035 elementor-widget__width-initial elementor-widget elementor-widget-image\" data-id=\"3b24f035\" data-element_type=\"widget\" data-widget_type=\"image.default\">\n\t\t\t\t<div class=\"elementor-widget-container\">\n\t\t\t\t\t\t\t\t\t\t\t\t\t\t\t\t<a href=\"https:\/\/api.whatsapp.com\/send\/?phone=5511913001416&#038;text=Ol%C3%A1%2C+Estou%20com%20d\u00favidas%20sobre%20o%20treinamento%20Curso%20de%20Auditor%20Interno%20+%20Norma%20Padi%20&#038;type=phone_number&#038;app_absent=0\" target=\"_blank\">\n\t\t\t\t\t\t\t<img loading=\"lazy\" decoding=\"async\" width=\"300\" height=\"213\" src=\"https:\/\/cursosonline.cbr.org.br\/wp-content\/uploads\/2024\/05\/whatsapp_PNG5-300x213.png\" class=\"attachment-medium size-medium wp-image-7548\" alt=\"\" srcset=\"https:\/\/cursosonline.cbr.org.br\/wp-content\/uploads\/2024\/05\/whatsapp_PNG5-300x213.png 300w, https:\/\/cursosonline.cbr.org.br\/wp-content\/uploads\/2024\/05\/whatsapp_PNG5-1024x727.png 1024w, https:\/\/cursosonline.cbr.org.br\/wp-content\/uploads\/2024\/05\/whatsapp_PNG5-768x545.png 768w, https:\/\/cursosonline.cbr.org.br\/wp-content\/uploads\/2024\/05\/whatsapp_PNG5-1536x1091.png 1536w, https:\/\/cursosonline.cbr.org.br\/wp-content\/uploads\/2024\/05\/whatsapp_PNG5-600x426.png 600w, https:\/\/cursosonline.cbr.org.br\/wp-content\/uploads\/2024\/05\/whatsapp_PNG5.png 1600w\" sizes=\"(max-width: 300px) 100vw, 300px\" \/>\t\t\t\t\t\t\t\t<\/a>\n\t\t\t\t\t\t\t\t\t\t\t\t\t\t\t<\/div>\n\t\t\t\t<\/div>\n\t\t\t\t\t<\/div>\n\t\t<\/div>\n\t\t\t\t<div class=\"elementor-column elementor-col-33 elementor-top-column elementor-element elementor-element-5d25bff5\" data-id=\"5d25bff5\" data-element_type=\"column\">\n\t\t\t<div class=\"elementor-widget-wrap\">\n\t\t\t\t\t\t\t<\/div>\n\t\t<\/div>\n\t\t\t\t\t<\/div>\n\t\t<\/section>\n\t\t\t\t<section class=\"elementor-section elementor-top-section elementor-element elementor-element-4471fa9e elementor-section-boxed elementor-section-height-default elementor-section-height-default\" data-id=\"4471fa9e\" data-element_type=\"section\">\n\t\t\t\t\t\t<div class=\"elementor-container elementor-column-gap-default\">\n\t\t\t\t\t<div class=\"elementor-column elementor-col-25 elementor-top-column elementor-element elementor-element-55225824\" data-id=\"55225824\" data-element_type=\"column\">\n\t\t\t<div class=\"elementor-widget-wrap\">\n\t\t\t\t\t\t\t<\/div>\n\t\t<\/div>\n\t\t\t\t<div class=\"elementor-column elementor-col-50 elementor-top-column elementor-element elementor-element-6728510e\" data-id=\"6728510e\" data-element_type=\"column\">\n\t\t\t<div class=\"elementor-widget-wrap elementor-element-populated\">\n\t\t\t\t\t\t<div class=\"elementor-element elementor-element-3572418c elementor-widget elementor-widget-text-editor\" data-id=\"3572418c\" data-element_type=\"widget\" data-widget_type=\"text-editor.default\">\n\t\t\t\t<div class=\"elementor-widget-container\">\n\t\t\t\t\t\t\t\t\t<p style=\"text-align: center\"><strong>\u00bfDificultades para acceder a la formaci\u00f3n?<\/strong><\/p>\t\t\t\t\t\t\t\t<\/div>\n\t\t\t\t<\/div>\n\t\t\t\t\t<\/div>\n\t\t<\/div>\n\t\t\t\t<div class=\"elementor-column elementor-col-25 elementor-top-column elementor-element elementor-element-7c7a6109\" data-id=\"7c7a6109\" data-element_type=\"column\">\n\t\t\t<div class=\"elementor-widget-wrap\">\n\t\t\t\t\t\t\t<\/div>\n\t\t<\/div>\n\t\t\t\t\t<\/div>\n\t\t<\/section>\n\t\t\t\t<section class=\"elementor-section elementor-top-section elementor-element elementor-element-1f49cd9 elementor-section-boxed elementor-section-height-default elementor-section-height-default\" data-id=\"1f49cd9\" data-element_type=\"section\">\n\t\t\t\t\t\t<div class=\"elementor-container elementor-column-gap-default\">\n\t\t\t\t\t<div class=\"elementor-column elementor-col-100 elementor-top-column elementor-element elementor-element-1df5e87\" data-id=\"1df5e87\" data-element_type=\"column\">\n\t\t\t<div class=\"elementor-widget-wrap elementor-element-populated\">\n\t\t\t\t\t\t<section class=\"elementor-section elementor-inner-section elementor-element elementor-element-35c2324 elementor-section-boxed elementor-section-height-default elementor-section-height-default\" data-id=\"35c2324\" data-element_type=\"section\">\n\t\t\t\t\t\t<div class=\"elementor-container elementor-column-gap-default\">\n\t\t\t\t\t<div class=\"elementor-column elementor-col-50 elementor-inner-column elementor-element elementor-element-cf9e51e\" data-id=\"cf9e51e\" data-element_type=\"column\">\n\t\t\t<div class=\"elementor-widget-wrap\">\n\t\t\t\t\t\t\t<\/div>\n\t\t<\/div>\n\t\t\t\t<div class=\"elementor-column elementor-col-50 elementor-inner-column elementor-element elementor-element-3c2a635\" data-id=\"3c2a635\" data-element_type=\"column\">\n\t\t\t<div class=\"elementor-widget-wrap\">\n\t\t\t\t\t\t\t<\/div>\n\t\t<\/div>\n\t\t\t\t\t<\/div>\n\t\t<\/section>\n\t\t\t\t\t<\/div>\n\t\t<\/div>\n\t\t\t\t\t<\/div>\n\t\t<\/section>\n\t\t\t\t<section class=\"elementor-section elementor-top-section elementor-element elementor-element-50ffda3 elementor-section-boxed elementor-section-height-default elementor-section-height-default\" data-id=\"50ffda3\" data-element_type=\"section\">\n\t\t\t\t\t\t<div class=\"elementor-container elementor-column-gap-default\">\n\t\t\t\t\t<div class=\"elementor-column elementor-col-100 elementor-top-column elementor-element elementor-element-f785cbd\" data-id=\"f785cbd\" data-element_type=\"column\">\n\t\t\t<div class=\"elementor-widget-wrap\">\n\t\t\t\t\t\t\t<\/div>\n\t\t<\/div>\n\t\t\t\t\t<\/div>\n\t\t<\/section>\n\t\t\t\t<section class=\"elementor-section elementor-top-section elementor-element elementor-element-154b283 elementor-section-boxed elementor-section-height-default elementor-section-height-default\" data-id=\"154b283\" data-element_type=\"section\">\n\t\t\t\t\t\t<div class=\"elementor-container elementor-column-gap-default\">\n\t\t\t\t\t<div class=\"elementor-column elementor-col-100 elementor-top-column elementor-element elementor-element-637ef60\" data-id=\"637ef60\" data-element_type=\"column\">\n\t\t\t<div class=\"elementor-widget-wrap elementor-element-populated\">\n\t\t\t\t\t\t<div class=\"elementor-element elementor-element-3a74f67 elementor-widget elementor-widget-heading\" data-id=\"3a74f67\" data-element_type=\"widget\" data-widget_type=\"heading.default\">\n\t\t\t\t<div class=\"elementor-widget-container\">\n\t\t\t\t\t<h2 class=\"elementor-heading-title elementor-size-default\">Agrega aqu\u00ed el t\u00edtulo.<\/h2>\t\t\t\t<\/div>\n\t\t\t\t<\/div>\n\t\t\t\t\t<\/div>\n\t\t<\/div>\n\t\t\t\t\t<\/div>\n\t\t<\/section>\n\t\t\t\t<section class=\"elementor-section elementor-top-section elementor-element elementor-element-7da8ea3 elementor-section-boxed elementor-section-height-default elementor-section-height-default\" data-id=\"7da8ea3\" data-element_type=\"section\">\n\t\t\t\t\t\t<div class=\"elementor-container elementor-column-gap-default\">\n\t\t\t\t\t<div class=\"elementor-column elementor-col-100 elementor-top-column elementor-element elementor-element-3425025\" data-id=\"3425025\" data-element_type=\"column\">\n\t\t\t<div class=\"elementor-widget-wrap\">\n\t\t\t\t\t\t\t<\/div>\n\t\t<\/div>\n\t\t\t\t\t<\/div>\n\t\t<\/section>\n\t\t\t\t<section class=\"elementor-section elementor-top-section elementor-element elementor-element-59577c7 elementor-section-boxed elementor-section-height-default elementor-section-height-default\" data-id=\"59577c7\" data-element_type=\"section\">\n\t\t\t\t\t\t<div class=\"elementor-container elementor-column-gap-default\">\n\t\t\t\t\t<div class=\"elementor-column elementor-col-100 elementor-top-column elementor-element elementor-element-f5d0f14\" data-id=\"f5d0f14\" data-element_type=\"column\">\n\t\t\t<div class=\"elementor-widget-wrap\">\n\t\t\t\t\t\t\t<\/div>\n\t\t<\/div>\n\t\t\t\t\t<\/div>\n\t\t<\/section>\n\t\t\t\t<section class=\"elementor-section elementor-top-section elementor-element elementor-element-731b6d5 elementor-section-boxed elementor-section-height-default elementor-section-height-default\" data-id=\"731b6d5\" data-element_type=\"section\">\n\t\t\t\t\t\t<div class=\"elementor-container elementor-column-gap-default\">\n\t\t\t\t\t<div class=\"elementor-column elementor-col-100 elementor-top-column elementor-element elementor-element-abb2d89\" data-id=\"abb2d89\" data-element_type=\"column\">\n\t\t\t<div class=\"elementor-widget-wrap\">\n\t\t\t\t\t\t\t<\/div>\n\t\t<\/div>\n\t\t\t\t\t<\/div>\n\t\t<\/section>\n\t\t\t\t<\/div>","protected":false},"excerpt":{"rendered":"<h5 style=\"text-align: left\"><span style=\"color: #000000\"><strong>INFORMACI\u00d3N GENERAL:<\/strong><\/span><\/h5>\n<h4>Fecha: 23 y 24 de abril<br \/>\nFormato: Presencial (TECNOLAB)<\/h4>\n<p style=\"text-align: left\"><strong style=\"font-family: inherit\"><span style=\"color: #333333\">Destinatarios: <\/span><\/strong>Profesionales de diferentes \u00e1reas implicados en el desarrollo, mantenimiento y mejora de los sistemas de gesti\u00f3n de la calidad en los Servicios de Diagn\u00f3stico por Imagen, especialmente gestores cl\u00ednicos, consultores, auditores, directores y profesionales de calidad de cl\u00ednicas de radiolog\u00eda y diagn\u00f3stico por imagen.<\/p>","protected":false},"featured_media":35414,"template":"","meta":[],"product_brand":[],"product_cat":[15],"product_tag":[],"class_list":{"0":"post-35408","1":"product","2":"type-product","3":"status-publish","4":"has-post-thumbnail","6":"product_cat-uncategorized","8":"first","9":"outofstock","10":"taxable","11":"shipping-taxable","12":"product-type-variable","13":"has-default-attributes"},"_links":{"self":[{"href":"https:\/\/cursosonline.cbr.org.br\/es\/wp-json\/wp\/v2\/product\/35408","targetHints":{"allow":["GET"]}}],"collection":[{"href":"https:\/\/cursosonline.cbr.org.br\/es\/wp-json\/wp\/v2\/product"}],"about":[{"href":"https:\/\/cursosonline.cbr.org.br\/es\/wp-json\/wp\/v2\/types\/product"}],"version-history":[{"count":2,"href":"https:\/\/cursosonline.cbr.org.br\/es\/wp-json\/wp\/v2\/product\/35408\/revisions"}],"predecessor-version":[{"id":35415,"href":"https:\/\/cursosonline.cbr.org.br\/es\/wp-json\/wp\/v2\/product\/35408\/revisions\/35415"}],"wp:featuredmedia":[{"embeddable":true,"href":"https:\/\/cursosonline.cbr.org.br\/es\/wp-json\/wp\/v2\/media\/35414"}],"wp:attachment":[{"href":"https:\/\/cursosonline.cbr.org.br\/es\/wp-json\/wp\/v2\/media?parent=35408"}],"wp:term":[{"taxonomy":"product_brand","embeddable":true,"href":"https:\/\/cursosonline.cbr.org.br\/es\/wp-json\/wp\/v2\/product_brand?post=35408"},{"taxonomy":"product_cat","embeddable":true,"href":"https:\/\/cursosonline.cbr.org.br\/es\/wp-json\/wp\/v2\/product_cat?post=35408"},{"taxonomy":"product_tag","embeddable":true,"href":"https:\/\/cursosonline.cbr.org.br\/es\/wp-json\/wp\/v2\/product_tag?post=35408"}],"curies":[{"name":"gracias","href":"https:\/\/api.w.org\/{rel}","templated":true}]}}