{"id":355,"date":"2023-09-04T16:49:27","date_gmt":"2023-09-04T19:49:27","guid":{"rendered":"https:\/\/cursosonline.cbr.org.br\/?post_type=product&#038;p=355"},"modified":"2026-03-10T13:05:42","modified_gmt":"2026-03-10T16:05:42","slug":"atualiza21-l-circuito-nacional-de-radiologia","status":"publish","type":"product","link":"https:\/\/cursosonline.cbr.org.br\/es\/curso\/atualiza21-l-circuito-nacional-de-radiologia\/","title":{"rendered":"Atualiza21 l Circuito Nacional de Radiolog\u00eda | Gratuito para los socios"},"content":{"rendered":"<div data-elementor-type=\"product-post\" data-elementor-id=\"355\" class=\"elementor elementor-355\" data-elementor-post-type=\"product\">\n\t\t\t\t\t\t<section class=\"elementor-section elementor-top-section elementor-element elementor-element-f760309 elementor-section-boxed elementor-section-height-default elementor-section-height-default\" data-id=\"f760309\" data-element_type=\"section\">\n\t\t\t\t\t\t<div class=\"elementor-container elementor-column-gap-default\">\n\t\t\t\t\t<div class=\"elementor-column elementor-col-100 elementor-top-column elementor-element elementor-element-19e14c7\" data-id=\"19e14c7\" data-element_type=\"column\">\n\t\t\t<div class=\"elementor-widget-wrap elementor-element-populated\">\n\t\t\t\t\t\t<div class=\"elementor-element elementor-element-3f3f4f6 elementor-widget elementor-widget-text-editor\" data-id=\"3f3f4f6\" data-element_type=\"widget\" data-widget_type=\"text-editor.default\">\n\t\t\t\t<div class=\"elementor-widget-container\">\n\t\t\t\t\t\t\t\t\t<p>Transformaci\u00f3n. Esta ha sido una palabra constante en las actividades del Colegio Brasile\u00f1o de Radiolog\u00eda y Diagn\u00f3stico por Imagen (CBR). Esto se debe a que la instituci\u00f3n est\u00e1 empe\u00f1ada en un movimiento de aproximaci\u00f3n con sus miembros, desde los m\u00e1s j\u00f3venes, a\u00fan en el inicio de sus carreras, hasta los m\u00e1s experimentados. Y es en este escenario que naci\u00f3 ATUALIZA21, el Circuito Nacional de Radiolog\u00eda que tiene como objetivo crear conexiones, generar comunidades, ampliar el alcance del conocimiento radiol\u00f3gico de norte a sur del pa\u00eds, incentivar la\u00a0<em>red<\/em>\u00a0y todo ello de forma ligera, divertida y, al mismo tiempo, desafiante e innovadora.<\/p><p>Contenido a la carta, vea las lecciones del Atualiza21, una gran ventaja para quienes no hayan podido matricularse durante el periodo disponible.\u00a0<\/p><p>HandsOn no estar\u00e1 disponible, es s\u00f3lo una parte del curso. <strong>en directo.<\/strong><\/p>\t\t\t\t\t\t\t\t<\/div>\n\t\t\t\t<\/div>\n\t\t\t\t\t<\/div>\n\t\t<\/div>\n\t\t\t\t\t<\/div>\n\t\t<\/section>\n\t\t\t\t<\/div>","protected":false},"excerpt":{"rendered":"<p>Contenido a la carta, vea las lecciones del Atualiza21, una gran ventaja para quienes no hayan podido matricularse durante el periodo disponible.<br \/>\nHandsOn no estar\u00e1 disponible, es parte del curso, s\u00f3lo es en directo.<\/p>\n<p><strong>GRATUITO PARA LOS MIEMBROS DE LA CBR.<\/strong><\/p>","protected":false},"featured_media":484,"template":"","meta":[],"product_brand":[],"product_cat":[18,83],"product_tag":[],"class_list":{"0":"post-355","1":"product","2":"type-product","3":"status-publish","4":"has-post-thumbnail","6":"product_cat-cbr-educa","7":"product_cat-atualiza21","9":"first","10":"instock","11":"virtual","12":"sold-individually","13":"taxable","14":"purchasable","15":"product-type-simple"},"_links":{"self":[{"href":"https:\/\/cursosonline.cbr.org.br\/es\/wp-json\/wp\/v2\/product\/355","targetHints":{"allow":["GET"]}}],"collection":[{"href":"https:\/\/cursosonline.cbr.org.br\/es\/wp-json\/wp\/v2\/product"}],"about":[{"href":"https:\/\/cursosonline.cbr.org.br\/es\/wp-json\/wp\/v2\/types\/product"}],"version-history":[{"count":13,"href":"https:\/\/cursosonline.cbr.org.br\/es\/wp-json\/wp\/v2\/product\/355\/revisions"}],"predecessor-version":[{"id":33129,"href":"https:\/\/cursosonline.cbr.org.br\/es\/wp-json\/wp\/v2\/product\/355\/revisions\/33129"}],"wp:featuredmedia":[{"embeddable":true,"href":"https:\/\/cursosonline.cbr.org.br\/es\/wp-json\/wp\/v2\/media\/484"}],"wp:attachment":[{"href":"https:\/\/cursosonline.cbr.org.br\/es\/wp-json\/wp\/v2\/media?parent=355"}],"wp:term":[{"taxonomy":"product_brand","embeddable":true,"href":"https:\/\/cursosonline.cbr.org.br\/es\/wp-json\/wp\/v2\/product_brand?post=355"},{"taxonomy":"product_cat","embeddable":true,"href":"https:\/\/cursosonline.cbr.org.br\/es\/wp-json\/wp\/v2\/product_cat?post=355"},{"taxonomy":"product_tag","embeddable":true,"href":"https:\/\/cursosonline.cbr.org.br\/es\/wp-json\/wp\/v2\/product_tag?post=355"}],"curies":[{"name":"gracias","href":"https:\/\/api.w.org\/{rel}","templated":true}]}}