{"id":357,"date":"2023-09-04T16:53:59","date_gmt":"2023-09-04T19:53:59","guid":{"rendered":"https:\/\/cursosonline.cbr.org.br\/?post_type=product&#038;p=357"},"modified":"2026-03-10T13:05:37","modified_gmt":"2026-03-10T16:05:37","slug":"atualiza22-circuito-nacional-de-radiologia","status":"publish","type":"product","link":"https:\/\/cursosonline.cbr.org.br\/es\/curso\/atualiza22-circuito-nacional-de-radiologia\/","title":{"rendered":"Atualiza22- Circuito Nacional de Radiolog\u00eda"},"content":{"rendered":"<div data-elementor-type=\"product-post\" data-elementor-id=\"357\" class=\"elementor elementor-357\" data-elementor-post-type=\"product\">\n\t\t\t\t\t\t<section class=\"elementor-section elementor-top-section elementor-element elementor-element-5b45935 elementor-section-boxed elementor-section-height-default elementor-section-height-default\" data-id=\"5b45935\" data-element_type=\"section\">\n\t\t\t\t\t\t<div class=\"elementor-container elementor-column-gap-default\">\n\t\t\t\t\t<div class=\"elementor-column elementor-col-100 elementor-top-column elementor-element elementor-element-ad85f01\" data-id=\"ad85f01\" data-element_type=\"column\">\n\t\t\t<div class=\"elementor-widget-wrap elementor-element-populated\">\n\t\t\t\t\t\t<div class=\"elementor-element elementor-element-a84dab6 elementor-widget elementor-widget-image\" data-id=\"a84dab6\" data-element_type=\"widget\" data-widget_type=\"image.default\">\n\t\t\t\t<div class=\"elementor-widget-container\">\n\t\t\t\t\t\t\t\t\t\t\t\t\t\t\t<img fetchpriority=\"high\" decoding=\"async\" width=\"800\" height=\"263\" src=\"https:\/\/cursosonline.cbr.org.br\/wp-content\/uploads\/2023\/09\/download-1024x337.png\" class=\"attachment-large size-large wp-image-828\" alt=\"\" srcset=\"https:\/\/cursosonline.cbr.org.br\/wp-content\/uploads\/2023\/09\/download-1024x337.png 1024w, https:\/\/cursosonline.cbr.org.br\/wp-content\/uploads\/2023\/09\/download-300x99.png 300w, https:\/\/cursosonline.cbr.org.br\/wp-content\/uploads\/2023\/09\/download-768x252.png 768w, https:\/\/cursosonline.cbr.org.br\/wp-content\/uploads\/2023\/09\/download-600x197.png 600w, https:\/\/cursosonline.cbr.org.br\/wp-content\/uploads\/2023\/09\/download.png 1147w\" sizes=\"(max-width: 800px) 100vw, 800px\" \/>\t\t\t\t\t\t\t\t\t\t\t\t\t\t\t<\/div>\n\t\t\t\t<\/div>\n\t\t\t\t\t<\/div>\n\t\t<\/div>\n\t\t\t\t\t<\/div>\n\t\t<\/section>\n\t\t\t\t<\/div>","protected":false},"excerpt":{"rendered":"<p>Contenido a la carta, ver las lecciones de Atualiza22, una gran ventaja para aquellos que no pudieron inscribirse durante el per\u00edodo disponible. HandsOn no estar\u00e1 disponible, es parte del curso, es s\u00f3lo en vivo.<\/p>\n<p><strong>GRATUITO PARA LOS MIEMBROS DE LA CBR.<\/strong><\/p>","protected":false},"featured_media":440,"template":"","meta":[],"product_brand":[],"product_cat":[18,84],"product_tag":[],"class_list":{"0":"post-357","1":"product","2":"type-product","3":"status-publish","4":"has-post-thumbnail","6":"product_cat-cbr-educa","7":"product_cat-atualiza22","9":"first","10":"instock","11":"virtual","12":"sold-individually","13":"taxable","14":"purchasable","15":"product-type-simple"},"_links":{"self":[{"href":"https:\/\/cursosonline.cbr.org.br\/es\/wp-json\/wp\/v2\/product\/357","targetHints":{"allow":["GET"]}}],"collection":[{"href":"https:\/\/cursosonline.cbr.org.br\/es\/wp-json\/wp\/v2\/product"}],"about":[{"href":"https:\/\/cursosonline.cbr.org.br\/es\/wp-json\/wp\/v2\/types\/product"}],"version-history":[{"count":9,"href":"https:\/\/cursosonline.cbr.org.br\/es\/wp-json\/wp\/v2\/product\/357\/revisions"}],"predecessor-version":[{"id":33026,"href":"https:\/\/cursosonline.cbr.org.br\/es\/wp-json\/wp\/v2\/product\/357\/revisions\/33026"}],"wp:featuredmedia":[{"embeddable":true,"href":"https:\/\/cursosonline.cbr.org.br\/es\/wp-json\/wp\/v2\/media\/440"}],"wp:attachment":[{"href":"https:\/\/cursosonline.cbr.org.br\/es\/wp-json\/wp\/v2\/media?parent=357"}],"wp:term":[{"taxonomy":"product_brand","embeddable":true,"href":"https:\/\/cursosonline.cbr.org.br\/es\/wp-json\/wp\/v2\/product_brand?post=357"},{"taxonomy":"product_cat","embeddable":true,"href":"https:\/\/cursosonline.cbr.org.br\/es\/wp-json\/wp\/v2\/product_cat?post=357"},{"taxonomy":"product_tag","embeddable":true,"href":"https:\/\/cursosonline.cbr.org.br\/es\/wp-json\/wp\/v2\/product_tag?post=357"}],"curies":[{"name":"gracias","href":"https:\/\/api.w.org\/{rel}","templated":true}]}}