{"id":402,"date":"2023-09-05T16:19:36","date_gmt":"2023-09-05T19:19:36","guid":{"rendered":"https:\/\/cursosonline.cbr.org.br\/?post_type=product&#038;p=402"},"modified":"2026-03-10T13:07:50","modified_gmt":"2026-03-10T16:07:50","slug":"curso-cbron-l-fisica-e-radioprotecao","status":"publish","type":"product","link":"https:\/\/cursosonline.cbr.org.br\/es\/curso\/curso-cbron-l-fisica-e-radioprotecao\/","title":{"rendered":"Curso de F\u00edsica y Radioprotecci\u00f3n CbrOn l"},"content":{"rendered":"<div data-elementor-type=\"product-post\" data-elementor-id=\"402\" class=\"elementor elementor-402\" data-elementor-post-type=\"product\">\n\t\t\t\t\t\t<section class=\"elementor-section elementor-top-section elementor-element elementor-element-6afdd3c elementor-section-boxed elementor-section-height-default elementor-section-height-default\" data-id=\"6afdd3c\" data-element_type=\"section\">\n\t\t\t\t\t\t<div class=\"elementor-container elementor-column-gap-default\">\n\t\t\t\t\t<div class=\"elementor-column elementor-col-100 elementor-top-column elementor-element elementor-element-fa4983c\" data-id=\"fa4983c\" data-element_type=\"column\">\n\t\t\t<div class=\"elementor-widget-wrap elementor-element-populated\">\n\t\t\t\t\t\t<div class=\"elementor-element elementor-element-5dcc6ef elementor-widget elementor-widget-text-editor\" data-id=\"5dcc6ef\" data-element_type=\"widget\" data-widget_type=\"text-editor.default\">\n\t\t\t\t<div class=\"elementor-widget-container\">\n\t\t\t\t\t\t\t\t\t<p>Este espacio fue creado para que los radi\u00f3logos actualicen sus conocimientos en temas relevantes de su especialidad, con \u00e9nfasis en radioprotecci\u00f3n. Los coordinadores de los cursos son profesionales de reconocido prestigio en la materia:<\/p><ol><li>Hilton Muniz Le\u00e3o Filho - Radi\u00f3logo con experiencia en imagen vascular abdominal y no cardiaca, es actualmente Director de Comunicaci\u00f3n del Colegio Brasile\u00f1o de Radiolog\u00eda.<\/li><li>M\u00f4nica Oliveira Bernardo - Coordinadora de la Comisi\u00f3n de Protecci\u00f3n Radiol\u00f3gica del CBR, Doctora en Ciencias y estudiante de post-doctorado, tambi\u00e9n profesora de la FCMS PUC SP\/Sorocaba.<\/li><li>Luciana Costa Silva - Radi\u00f3loga con maestr\u00eda y doctorado, coordinadora del Centro Especializado de Imagen en Gastroenterolog\u00eda y Oncolog\u00eda del Instituto Hermes Pardini\/MG y Directora Cient\u00edfica del CBR.<\/li><\/ol><p>El contenido se divide en varios m\u00f3dulos:<\/p><p><span style=\"color: #6628f7\"><strong>M\u00f3dulo 1: Bases f\u00edsicas y tecnol\u00f3gicas de la tomograf\u00eda computerizada<\/strong><\/span> Explora los conceptos fundamentales y la tecnolog\u00eda de la TC.<\/p><p><span style=\"color: #6628f7\"><strong>M\u00f3dulo 2: Optimizaci\u00f3n de dosis centrada en la seguridad y la calidad del paciente<\/strong><\/span> Aborda la optimizaci\u00f3n de la dosis en distintos \u00e1mbitos, como la tomograf\u00eda computarizada de cabeza y cuello, los pacientes con c\u00e1ncer y la mamograf\u00eda\/tomos\u00edntesis.<\/p><p><span style=\"color: #6628f7\"><strong>M\u00f3dulo 3: Importancia de la TC de baja dosis y de la TC COVID-19<\/strong> <\/span>Destaca la relevancia de la TC a dosis bajas y la justificaci\u00f3n y optimizaci\u00f3n de la TC en casos de COVID-19.<\/p><p><span style=\"color: #6628f7\"><strong>M\u00f3dulo 4: Importancia del DRL (Nivel de Referencia de Diagn\u00f3stico)<\/strong><\/span> Explora el uso de niveles de referencia diagn\u00f3sticos en ex\u00e1menes pedi\u00e1tricos y de adultos.<\/p><p><span style=\"color: #6628f7\"><strong>M\u00f3dulo 5: \u00c9tica en la protecci\u00f3n radiol\u00f3gica<\/strong> <\/span>Trata cuestiones \u00e9ticas relacionadas con la protecci\u00f3n radiol\u00f3gica en el diagn\u00f3stico y el tratamiento m\u00e9dicos.<\/p><p><span style=\"color: #6628f7\"><strong>M\u00f3dulo 6: Rutina diaria y gesti\u00f3n de riesgos<\/strong><\/span> Abarca la legislaci\u00f3n, la responsabilidad profesional, los equipos de protecci\u00f3n y la garant\u00eda de calidad.<\/p><p><span style=\"color: #6628f7\"><strong>M\u00f3dulo 7: Protecci\u00f3n radiol\u00f3gica en pediatr\u00eda y fluoroscopia<\/strong><\/span> Se centra en las estrategias para reducir la dosis en los ex\u00e1menes pedi\u00e1tricos y durante los procedimientos de fluoroscopia.<\/p><p><span style=\"color: #6628f7\"><strong>M\u00f3dulo 8: Sistema de gesti\u00f3n de dosis de TC<\/strong><\/span> Explica c\u00f3mo implantar y utilizar un sistema de gesti\u00f3n de dosis en tomograf\u00eda computerizada.<\/p><p><span style=\"color: #6628f7\"><strong>M\u00f3dulo 9: Recurrencia de TC<\/strong><\/span> Aborda la cuesti\u00f3n de los pacientes sometidos a repetidos TAC y c\u00f3mo equilibrar los beneficios y los riesgos.<\/p><p>Adem\u00e1s, el curso ofrece lecciones preparadas por GE Healthcare, con la participaci\u00f3n de Pilar Pujadas, l\u00edder de \u00e9xito de clientes de GE Healthcare.<\/p><p>Este curso tiene como objetivo capacitar a los radi\u00f3logos para aplicar los principios de radioprotecci\u00f3n y optimizaci\u00f3n de dosis para garantizar la seguridad del paciente manteniendo la calidad de la imagen. Es una valiosa oportunidad para la actualizaci\u00f3n profesional y la mejora de la pr\u00e1ctica cl\u00ednica.<\/p>\t\t\t\t\t\t\t\t<\/div>\n\t\t\t\t<\/div>\n\t\t\t\t\t<\/div>\n\t\t<\/div>\n\t\t\t\t\t<\/div>\n\t\t<\/section>\n\t\t\t\t<\/div>","protected":false},"excerpt":{"rendered":"<p>Centr\u00e1ndose en la radioprotecci\u00f3n, aprender\u00e1 sobre la importancia de optimizar la dosis de radiaci\u00f3n durante los TAC, priorizando la seguridad del paciente y la calidad de la imagen al mismo tiempo, entre otras cuestiones relacionadas. Sigue el curso para saber m\u00e1s sobre los temas que se estudiar\u00e1n.<\/p>\n<p><strong>GRATUITO PARA LOS MIEMBROS DE LA CBR.<\/strong><\/p>","protected":false},"featured_media":451,"template":"","meta":[],"product_brand":[],"product_cat":[18,43],"product_tag":[],"class_list":{"0":"post-402","1":"product","2":"type-product","3":"status-publish","4":"has-post-thumbnail","6":"product_cat-cbr-educa","7":"product_cat-cbr-on","9":"first","10":"instock","11":"virtual","12":"sold-individually","13":"taxable","14":"purchasable","15":"product-type-simple"},"_links":{"self":[{"href":"https:\/\/cursosonline.cbr.org.br\/es\/wp-json\/wp\/v2\/product\/402","targetHints":{"allow":["GET"]}}],"collection":[{"href":"https:\/\/cursosonline.cbr.org.br\/es\/wp-json\/wp\/v2\/product"}],"about":[{"href":"https:\/\/cursosonline.cbr.org.br\/es\/wp-json\/wp\/v2\/types\/product"}],"version-history":[{"count":10,"href":"https:\/\/cursosonline.cbr.org.br\/es\/wp-json\/wp\/v2\/product\/402\/revisions"}],"predecessor-version":[{"id":33037,"href":"https:\/\/cursosonline.cbr.org.br\/es\/wp-json\/wp\/v2\/product\/402\/revisions\/33037"}],"wp:featuredmedia":[{"embeddable":true,"href":"https:\/\/cursosonline.cbr.org.br\/es\/wp-json\/wp\/v2\/media\/451"}],"wp:attachment":[{"href":"https:\/\/cursosonline.cbr.org.br\/es\/wp-json\/wp\/v2\/media?parent=402"}],"wp:term":[{"taxonomy":"product_brand","embeddable":true,"href":"https:\/\/cursosonline.cbr.org.br\/es\/wp-json\/wp\/v2\/product_brand?post=402"},{"taxonomy":"product_cat","embeddable":true,"href":"https:\/\/cursosonline.cbr.org.br\/es\/wp-json\/wp\/v2\/product_cat?post=402"},{"taxonomy":"product_tag","embeddable":true,"href":"https:\/\/cursosonline.cbr.org.br\/es\/wp-json\/wp\/v2\/product_tag?post=402"}],"curies":[{"name":"gracias","href":"https:\/\/api.w.org\/{rel}","templated":true}]}}