{"id":403,"date":"2023-09-05T16:21:09","date_gmt":"2023-09-05T19:21:09","guid":{"rendered":"https:\/\/cursosonline.cbr.org.br\/?post_type=product&#038;p=403"},"modified":"2026-03-10T13:07:45","modified_gmt":"2026-03-10T16:07:45","slug":"curso-cbron-l-gastrointestinal","status":"publish","type":"product","link":"https:\/\/cursosonline.cbr.org.br\/es\/curso\/curso-cbron-l-gastrointestinal\/","title":{"rendered":"CbrOn l Curso Gastrointestinal"},"content":{"rendered":"<div data-elementor-type=\"product-post\" data-elementor-id=\"403\" class=\"elementor elementor-403\" data-elementor-post-type=\"product\">\n\t\t\t\t\t\t<section class=\"elementor-section elementor-top-section elementor-element elementor-element-91c6794 elementor-section-boxed elementor-section-height-default elementor-section-height-default\" data-id=\"91c6794\" data-element_type=\"section\">\n\t\t\t\t\t\t<div class=\"elementor-container elementor-column-gap-default\">\n\t\t\t\t\t<div class=\"elementor-column elementor-col-100 elementor-top-column elementor-element elementor-element-feeb6c5\" data-id=\"feeb6c5\" data-element_type=\"column\">\n\t\t\t<div class=\"elementor-widget-wrap elementor-element-populated\">\n\t\t\t\t\t\t<div class=\"elementor-element elementor-element-87a04c0 elementor-widget elementor-widget-text-editor\" data-id=\"87a04c0\" data-element_type=\"widget\" data-widget_type=\"text-editor.default\">\n\t\t\t\t<div class=\"elementor-widget-container\">\n\t\t\t\t\t\t\t\t\t<p>Este espacio fue creado para actualizar a los radi\u00f3logos, centr\u00e1ndose en temas relacionados con el \u00e1rea gastrointestinal, especialmente en lo que respecta a los m\u00e9todos de imagen para evaluar las enfermedades del h\u00edgado, v\u00edas biliares y p\u00e1ncreas. El curso es coordinado por los doctores Daniel Lahan y Maur\u00edcio Zapparoli. El curso est\u00e1 dividido en cinco m\u00f3dulos:<\/p><p><span style=\"color: #6628f7\"><strong>M\u00f3dulo 1 - Ves\u00edcula biliar y v\u00edas biliares:<\/strong><\/span> Este m\u00f3dulo abarca temas como la colecistitis, la colangitis, los p\u00f3lipos de la ves\u00edcula biliar y los colangiocarcinomas, centr\u00e1ndose en el diagn\u00f3stico por ecograf\u00eda y tomograf\u00eda computarizada (TC). Tambi\u00e9n incluye informaci\u00f3n sobre c\u00f3mo realizar e interpretar la colangiograf\u00eda por resonancia magn\u00e9tica (RM).<\/p><p><span style=\"color: #6628f7\"><strong>M\u00f3dulo 2 - P\u00e1ncreas:<\/strong><\/span> En este m\u00f3dulo se tratan las alteraciones cong\u00e9nitas, la pancreatitis aguda y cr\u00f3nica, los quistes pancre\u00e1ticos, los tumores neuroendocrinos y la estadificaci\u00f3n del adenocarcinoma pancre\u00e1tico. Tambi\u00e9n se tratan los protocolos de resonancia magn\u00e9tica para la evaluaci\u00f3n pancre\u00e1tica.<\/p><p><span style=\"color: #6628f7\"><strong>M\u00f3dulo 3 - H\u00edgado:<\/strong><\/span> El m\u00f3dulo de h\u00edgado explora temas como la anatom\u00eda hep\u00e1tica, el diagn\u00f3stico de n\u00f3dulos hep\u00e1ticos incidentales, las infecciones hep\u00e1ticas, la esteatosis, la cirrosis, el hepatocarcinoma y las opciones de tratamiento percut\u00e1neo del carcinoma hepatocelular (CHC). Tambi\u00e9n se analizan los criterios de evaluaci\u00f3n previos a la met\u00e1stasis y los protocolos de RM para la evaluaci\u00f3n hep\u00e1tica.<\/p><p><span style=\"color: #6628f7\"><strong>M\u00f3dulo 4 - Bazo:<\/strong><\/span> Este m\u00f3dulo abarca las lesiones focales espl\u00e9nicas benignas y malignas, as\u00ed como la esplenomegalia. El objetivo es proporcionar informaci\u00f3n sobre c\u00f3mo diferenciar entre estas lesiones y diagnosticar las causas de la esplenomegalia.<\/p><p><span style=\"color: #6628f7\"><strong>M\u00f3dulo 5 - Peritoneo:<\/strong><\/span> El \u00faltimo m\u00f3dulo aborda conceptos b\u00e1sicos de anatom\u00eda peritoneal y cubre las principales lesiones benignas y malignas relacionadas con el peritoneo.<\/p><p>El curso incluye evaluaciones al final de cada m\u00f3dulo para garantizar la comprensi\u00f3n del material por parte de los participantes. Estos temas y m\u00f3dulos ayudan a los radi\u00f3logos a actualizar sus conocimientos y mejorar sus habilidades en la evaluaci\u00f3n por imagen de las enfermedades gastrointestinales, proporcionando una formaci\u00f3n continua pr\u00e1ctica y eficaz.<\/p><p><img decoding=\"async\" class=\"alignnone size-full wp-image-412\" src=\"https:\/\/cursosonline.cbr.org.br\/wp-content\/uploads\/2023\/08\/linha_1018x10-3-1-1.jpg\" alt=\"\" width=\"1018\" height=\"10\" srcset=\"https:\/\/cursosonline.cbr.org.br\/wp-content\/uploads\/2023\/08\/linha_1018x10-3-1-1.jpg 1018w, https:\/\/cursosonline.cbr.org.br\/wp-content\/uploads\/2023\/08\/linha_1018x10-3-1-1-300x3.jpg 300w, https:\/\/cursosonline.cbr.org.br\/wp-content\/uploads\/2023\/08\/linha_1018x10-3-1-1-768x8.jpg 768w, https:\/\/cursosonline.cbr.org.br\/wp-content\/uploads\/2023\/08\/linha_1018x10-3-1-1-600x6.jpg 600w\" sizes=\"(max-width: 1018px) 100vw, 1018px\" \/><\/p>\t\t\t\t\t\t\t\t<\/div>\n\t\t\t\t<\/div>\n\t\t\t\t\t<\/div>\n\t\t<\/div>\n\t\t\t\t\t<\/div>\n\t\t<\/section>\n\t\t\t\t<\/div>","protected":false},"excerpt":{"rendered":"<p>Este espacio se ha preparado para que usted, radi\u00f3logo, pueda estar al d\u00eda de los distintos temas y debates de inter\u00e9s para su especialidad.<\/p>\n<p><strong>GRATUITO PARA LOS MIEMBROS DE LA CBR.<\/strong><\/p>","protected":false},"featured_media":463,"template":"","meta":[],"product_brand":[],"product_cat":[18,43],"product_tag":[],"class_list":{"0":"post-403","1":"product","2":"type-product","3":"status-publish","4":"has-post-thumbnail","6":"product_cat-cbr-educa","7":"product_cat-cbr-on","9":"first","10":"instock","11":"virtual","12":"sold-individually","13":"taxable","14":"purchasable","15":"product-type-simple"},"_links":{"self":[{"href":"https:\/\/cursosonline.cbr.org.br\/es\/wp-json\/wp\/v2\/product\/403","targetHints":{"allow":["GET"]}}],"collection":[{"href":"https:\/\/cursosonline.cbr.org.br\/es\/wp-json\/wp\/v2\/product"}],"about":[{"href":"https:\/\/cursosonline.cbr.org.br\/es\/wp-json\/wp\/v2\/types\/product"}],"version-history":[{"count":8,"href":"https:\/\/cursosonline.cbr.org.br\/es\/wp-json\/wp\/v2\/product\/403\/revisions"}],"predecessor-version":[{"id":33036,"href":"https:\/\/cursosonline.cbr.org.br\/es\/wp-json\/wp\/v2\/product\/403\/revisions\/33036"}],"wp:featuredmedia":[{"embeddable":true,"href":"https:\/\/cursosonline.cbr.org.br\/es\/wp-json\/wp\/v2\/media\/463"}],"wp:attachment":[{"href":"https:\/\/cursosonline.cbr.org.br\/es\/wp-json\/wp\/v2\/media?parent=403"}],"wp:term":[{"taxonomy":"product_brand","embeddable":true,"href":"https:\/\/cursosonline.cbr.org.br\/es\/wp-json\/wp\/v2\/product_brand?post=403"},{"taxonomy":"product_cat","embeddable":true,"href":"https:\/\/cursosonline.cbr.org.br\/es\/wp-json\/wp\/v2\/product_cat?post=403"},{"taxonomy":"product_tag","embeddable":true,"href":"https:\/\/cursosonline.cbr.org.br\/es\/wp-json\/wp\/v2\/product_tag?post=403"}],"curies":[{"name":"gracias","href":"https:\/\/api.w.org\/{rel}","templated":true}]}}