{"id":404,"date":"2023-09-05T16:22:41","date_gmt":"2023-09-05T19:22:41","guid":{"rendered":"https:\/\/cursosonline.cbr.org.br\/?post_type=product&#038;p=404"},"modified":"2026-03-10T13:07:41","modified_gmt":"2026-03-10T16:07:41","slug":"curso-cbron-l-geniturinario","status":"publish","type":"product","link":"https:\/\/cursosonline.cbr.org.br\/es\/curso\/curso-cbron-l-geniturinario\/","title":{"rendered":"CbrOn l Curso Genitourinario"},"content":{"rendered":"<div data-elementor-type=\"product-post\" data-elementor-id=\"404\" class=\"elementor elementor-404\" data-elementor-post-type=\"product\">\n\t\t\t\t\t\t<section class=\"elementor-section elementor-top-section elementor-element elementor-element-3fb2db8 elementor-section-boxed elementor-section-height-default elementor-section-height-default\" data-id=\"3fb2db8\" data-element_type=\"section\">\n\t\t\t\t\t\t<div class=\"elementor-container elementor-column-gap-default\">\n\t\t\t\t\t<div class=\"elementor-column elementor-col-100 elementor-top-column elementor-element elementor-element-27f750a\" data-id=\"27f750a\" data-element_type=\"column\">\n\t\t\t<div class=\"elementor-widget-wrap elementor-element-populated\">\n\t\t\t\t\t\t<div class=\"elementor-element elementor-element-0f2f863 elementor-widget__width-initial elementor-widget elementor-widget-text-editor\" data-id=\"0f2f863\" data-element_type=\"widget\" data-widget_type=\"text-editor.default\">\n\t\t\t\t<div class=\"elementor-widget-container\">\n\t\t\t\t\t\t\t\t\t<p>Este espacio ha sido creado para que los radi\u00f3logos se actualicen en diversas \u00e1reas de la especialidad. El curso abarca temas relacionados con la pr\u00f3stata, test\u00edculos, pene, v\u00edas urinarias, retroperitoneo y suprarrenales. Est\u00e1 coordinado por los especialistas en radiolog\u00eda abdominal Valdair Francisco Muglia y Fernando Ide Yamauchi.<\/p><p>Cada m\u00f3dulo del curso abarca temas espec\u00edficos, incluidos el diagn\u00f3stico, el tratamiento y la interpretaci\u00f3n de im\u00e1genes para diversas afecciones m\u00e9dicas. Los m\u00f3dulos incluyen:<\/p><p><span style=\"color: #6628f7\"><strong>M\u00f3dulo 1 - Pr\u00f3stata:<\/strong><\/span> Trata del c\u00e1ncer de pr\u00f3stata, las estrategias terap\u00e9uticas, la biopsia con fusi\u00f3n de im\u00e1genes y mucho m\u00e1s.<\/p><p><span style=\"color: #6628f7\"><strong>M\u00f3dulo 2 - Vejiga y v\u00edas urinarias:<\/strong> <\/span>Cubre la clasificaci\u00f3n VI-RADS, las neoplasias de vejiga y otros temas relacionados.<\/p><p><span style=\"color: #6628f7\"><strong>M\u00f3dulo 3 - Test\u00edculos y pene:<\/strong><\/span> Explora la infertilidad masculina, las urgencias penianas, las neoplasias testiculares y mucho m\u00e1s.<\/p><p><span style=\"color: #6628f7\"><strong>M\u00f3dulo 4 - Ri\u00f1ones:<\/strong><\/span> Abarca los procesos inflamatorios renales, la evaluaci\u00f3n de los n\u00f3dulos renales, la biopsia renal y mucho m\u00e1s.<\/p><p><span style=\"color: #6628f7\"><strong>M\u00f3dulo 5 - Retroperitoneo:<\/strong><\/span> Se centra en las lesiones retroperitoneales y sus caracter\u00edsticas.<\/p><p><span style=\"color: #6628f7\"><strong>M\u00f3dulo 6 - Suprarrenales:<\/strong><\/span> Cobertura de los m\u00e9todos de imagen para evaluar las gl\u00e1ndulas suprarrenales y otras afecciones.<\/p><p>Este curso ofrece una oportunidad pr\u00e1ctica y eficaz para que los radi\u00f3logos se mantengan al d\u00eda y mejoren sus competencias en el campo de la radiolog\u00eda. Cada m\u00f3dulo abarca temas relevantes para la pr\u00e1ctica cl\u00ednica, contribuyendo a la formaci\u00f3n continua de los profesionales.<\/p><p><img decoding=\"async\" class=\"alignnone size-full wp-image-412\" style=\"font-family: inherit\" src=\"https:\/\/cursosonline.cbr.org.br\/wp-content\/uploads\/2023\/08\/linha_1018x10-3-1-1.jpg\" alt=\"\" width=\"1018\" height=\"10\" srcset=\"https:\/\/cursosonline.cbr.org.br\/wp-content\/uploads\/2023\/08\/linha_1018x10-3-1-1.jpg 1018w, https:\/\/cursosonline.cbr.org.br\/wp-content\/uploads\/2023\/08\/linha_1018x10-3-1-1-300x3.jpg 300w, https:\/\/cursosonline.cbr.org.br\/wp-content\/uploads\/2023\/08\/linha_1018x10-3-1-1-768x8.jpg 768w, https:\/\/cursosonline.cbr.org.br\/wp-content\/uploads\/2023\/08\/linha_1018x10-3-1-1-600x6.jpg 600w\" sizes=\"(max-width: 1018px) 100vw, 1018px\" \/><\/p>\t\t\t\t\t\t\t\t<\/div>\n\t\t\t\t<\/div>\n\t\t\t\t\t<\/div>\n\t\t<\/div>\n\t\t\t\t\t<\/div>\n\t\t<\/section>\n\t\t\t\t<\/div>","protected":false},"excerpt":{"rendered":"<p>Este espacio ha sido preparado para que usted, radi\u00f3logo, pueda mantenerse actualizado con los diversos temas y debates de inter\u00e9s para su especialidad. Aqu\u00ed podr\u00e1s reforzar tu formaci\u00f3n continuada de forma pr\u00e1ctica y eficaz, abordando algunos posibles diagn\u00f3sticos relacionados con la tem\u00e1tica Genitourinaria.<\/p>\n<p><strong>GRATUITO PARA LOS MIEMBROS DE LA CBR.<\/strong><\/p>","protected":false},"featured_media":453,"template":"","meta":[],"product_brand":[],"product_cat":[18,43],"product_tag":[],"class_list":{"0":"post-404","1":"product","2":"type-product","3":"status-publish","4":"has-post-thumbnail","6":"product_cat-cbr-educa","7":"product_cat-cbr-on","9":"first","10":"instock","11":"virtual","12":"sold-individually","13":"taxable","14":"purchasable","15":"product-type-simple"},"_links":{"self":[{"href":"https:\/\/cursosonline.cbr.org.br\/es\/wp-json\/wp\/v2\/product\/404","targetHints":{"allow":["GET"]}}],"collection":[{"href":"https:\/\/cursosonline.cbr.org.br\/es\/wp-json\/wp\/v2\/product"}],"about":[{"href":"https:\/\/cursosonline.cbr.org.br\/es\/wp-json\/wp\/v2\/types\/product"}],"version-history":[{"count":15,"href":"https:\/\/cursosonline.cbr.org.br\/es\/wp-json\/wp\/v2\/product\/404\/revisions"}],"predecessor-version":[{"id":33035,"href":"https:\/\/cursosonline.cbr.org.br\/es\/wp-json\/wp\/v2\/product\/404\/revisions\/33035"}],"wp:featuredmedia":[{"embeddable":true,"href":"https:\/\/cursosonline.cbr.org.br\/es\/wp-json\/wp\/v2\/media\/453"}],"wp:attachment":[{"href":"https:\/\/cursosonline.cbr.org.br\/es\/wp-json\/wp\/v2\/media?parent=404"}],"wp:term":[{"taxonomy":"product_brand","embeddable":true,"href":"https:\/\/cursosonline.cbr.org.br\/es\/wp-json\/wp\/v2\/product_brand?post=404"},{"taxonomy":"product_cat","embeddable":true,"href":"https:\/\/cursosonline.cbr.org.br\/es\/wp-json\/wp\/v2\/product_cat?post=404"},{"taxonomy":"product_tag","embeddable":true,"href":"https:\/\/cursosonline.cbr.org.br\/es\/wp-json\/wp\/v2\/product_tag?post=404"}],"curies":[{"name":"gracias","href":"https:\/\/api.w.org\/{rel}","templated":true}]}}