{"id":5338,"date":"2024-03-27T10:58:59","date_gmt":"2024-03-27T13:58:59","guid":{"rendered":"https:\/\/cursosonline.cbr.org.br\/?post_type=product&#038;p=5338"},"modified":"2026-03-12T10:15:13","modified_gmt":"2026-03-12T13:15:13","slug":"webinar-ultrassom-edicao-de-marco-2024-tema-ultrassonografia-das-hepatopatias-cronicas-2024-alem-do-modo-b-e-do-doppler-colorido-copia-copia","status":"publish","type":"product","link":"https:\/\/cursosonline.cbr.org.br\/es\/curso\/webinar-ultrassom-edicao-de-marco-2024-tema-ultrassonografia-das-hepatopatias-cronicas-2024-alem-do-modo-b-e-do-doppler-colorido-copia-copia\/","title":{"rendered":"Ultrasound Webinar | On Demand - Ecograf\u00eda de las Hepatopat\u00edas Cr\u00f3nicas 2024: m\u00e1s all\u00e1 del modo B y el Doppler color | Marzo\/2024"},"content":{"rendered":"<div data-elementor-type=\"product-post\" data-elementor-id=\"5338\" class=\"elementor elementor-5338\" data-elementor-post-type=\"product\">\n\t\t\t\t\t\t<section class=\"elementor-section elementor-top-section elementor-element elementor-element-1d5d237 elementor-section-boxed elementor-section-height-default elementor-section-height-default\" data-id=\"1d5d237\" data-element_type=\"section\">\n\t\t\t\t\t\t<div class=\"elementor-container elementor-column-gap-default\">\n\t\t\t\t\t<div class=\"elementor-column elementor-col-100 elementor-top-column elementor-element elementor-element-92d1d87\" data-id=\"92d1d87\" data-element_type=\"column\">\n\t\t\t<div class=\"elementor-widget-wrap elementor-element-populated\">\n\t\t\t\t\t\t<div class=\"elementor-element elementor-element-adf6c6b elementor-widget elementor-widget-text-editor\" data-id=\"adf6c6b\" data-element_type=\"widget\" data-widget_type=\"text-editor.default\">\n\t\t\t\t<div class=\"elementor-widget-container\">\n\t\t\t\t\t\t\t\t\t<p>Contenido a la carta para la edici\u00f3n de marzo\/2024 <span style=\"font-family: inherit\">del Ultrasound Webinar, una serie de videoconferencias que re\u00fanen a expertos de renombre para tratar temas de inter\u00e9s general en el campo de la ecograf\u00eda. De una hora de duraci\u00f3n, estos webinarios tendr\u00e1n lugar cada cuatro semanas, <\/span><strong style=\"font-family: inherit\">todos los \u00faltimos martes de mes, de 20:00 a 21:00 (hora de Brasilia)<\/strong><span style=\"font-family: inherit\">. Explore casos relevantes relacionados con el tema del d\u00eda, formule preguntas y disfrute de una interacci\u00f3n significativa, proporcionando una experiencia de aprendizaje pr\u00e1ctico. El objetivo es ofrecer conocimientos claros y did\u00e1cticos, transmitidos por expertos dedicados, promoviendo la colaboraci\u00f3n y la mejora en Radiolog\u00eda. \u00danase a nosotros en una jornada educativa, donde la experiencia de profesionales nacionales e internacionales se une en favor de la ense\u00f1anza y el desarrollo de la Radiolog\u00eda en Brasil.<\/span><\/p>\t\t\t\t\t\t\t\t<\/div>\n\t\t\t\t<\/div>\n\t\t\t\t<div class=\"elementor-element elementor-element-435c771 elementor-arrows-position-inside elementor-pagination-position-outside elementor-widget elementor-widget-image-carousel\" data-id=\"435c771\" data-element_type=\"widget\" data-settings=\"{&quot;slides_to_show&quot;:&quot;2&quot;,&quot;navigation&quot;:&quot;both&quot;,&quot;autoplay&quot;:&quot;yes&quot;,&quot;pause_on_hover&quot;:&quot;yes&quot;,&quot;pause_on_interaction&quot;:&quot;yes&quot;,&quot;autoplay_speed&quot;:5000,&quot;infinite&quot;:&quot;yes&quot;,&quot;speed&quot;:500}\" data-widget_type=\"image-carousel.default\">\n\t\t\t\t<div class=\"elementor-widget-container\">\n\t\t\t\t\t\t\t<div class=\"elementor-image-carousel-wrapper swiper\" role=\"region\" aria-roledescription=\"carousel\" aria-label=\"Carrusel de im\u00e1genes\" dir=\"ltr\">\n\t\t\t<div class=\"elementor-image-carousel swiper-wrapper\" aria-live=\"off\">\n\t\t\t\t\t\t\t\t<div class=\"swiper-slide\" role=\"group\" aria-roledescription=\"slide\" aria-label=\"1 de 5\"><figure class=\"swiper-slide-inner\"><img decoding=\"async\" class=\"swiper-slide-image\" src=\"https:\/\/cursosonline.cbr.org.br\/wp-content\/uploads\/2024\/03\/Post_WEBINAR-ULTRASSOM_HepatopatiasCronicas.jpg\" alt=\"Post_WEBINAR ULTRASSOM_HepatopatiasCronicas\" \/><\/figure><\/div><div class=\"swiper-slide\" role=\"group\" aria-roledescription=\"slide\" aria-label=\"2 de 5\"><figure class=\"swiper-slide-inner\"><img decoding=\"async\" class=\"swiper-slide-image\" src=\"https:\/\/cursosonline.cbr.org.br\/wp-content\/uploads\/2024\/03\/Post_WEBINAR-ULTRASSOM_HepatopatiasCronicas2.png\" alt=\"Post_WEBINAR ULTRASSOM_HepatopatiasCronicas2\" \/><\/figure><\/div><div class=\"swiper-slide\" role=\"group\" aria-roledescription=\"slide\" aria-label=\"3 de 5\"><figure class=\"swiper-slide-inner\"><img decoding=\"async\" class=\"swiper-slide-image\" src=\"https:\/\/cursosonline.cbr.org.br\/wp-content\/uploads\/2024\/03\/Post_WEBINAR-ULTRASSOM_HepatopatiasCronicas3.png\" alt=\"Post_WEBINAR ULTRASSOM_HepatopatiasCronicas3\" \/><\/figure><\/div><div class=\"swiper-slide\" role=\"group\" aria-roledescription=\"slide\" aria-label=\"4 de 5\"><figure class=\"swiper-slide-inner\"><img decoding=\"async\" class=\"swiper-slide-image\" src=\"https:\/\/cursosonline.cbr.org.br\/wp-content\/uploads\/2024\/03\/Post_WEBINAR-ULTRASSOM_HepatopatiasCronicas4.png\" alt=\"Post_WEBINAR ULTRASSOM_HepatopatiasCronicas4\" \/><\/figure><\/div><div class=\"swiper-slide\" role=\"group\" aria-roledescription=\"slide\" aria-label=\"5 de 5\"><figure class=\"swiper-slide-inner\"><img decoding=\"async\" class=\"swiper-slide-image\" src=\"https:\/\/cursosonline.cbr.org.br\/wp-content\/uploads\/2024\/03\/Post_WEBINAR-ULTRASSOM_HepatopatiasCronicas5.png\" alt=\"Post_WEBINAR ULTRASSOM_HepatopatiasCronicas5\" \/><\/figure><\/div>\t\t\t<\/div>\n\t\t\t\t\t\t\t\t\t\t\t\t<div class=\"elementor-swiper-button elementor-swiper-button-prev\" role=\"button\" tabindex=\"0\">\n\t\t\t\t\t\t<i aria-hidden=\"true\" class=\"eicon-chevron-left\"><\/i>\t\t\t\t\t<\/div>\n\t\t\t\t\t<div class=\"elementor-swiper-button elementor-swiper-button-next\" role=\"button\" tabindex=\"0\">\n\t\t\t\t\t\t<i aria-hidden=\"true\" class=\"eicon-chevron-right\"><\/i>\t\t\t\t\t<\/div>\n\t\t\t\t\n\t\t\t\t\t\t\t\t\t<div class=\"swiper-pagination\"><\/div>\n\t\t\t\t\t\t\t\t\t<\/div>\n\t\t\t\t\t\t<\/div>\n\t\t\t\t<\/div>\n\t\t\t\t\t<\/div>\n\t\t<\/div>\n\t\t\t\t\t<\/div>\n\t\t<\/section>\n\t\t\t\t<\/div>","protected":false},"excerpt":{"rendered":"<p>Contenidos a la carta<\/p>\n<p>Emb\u00e1rquese en un viaje de descubrimiento con nuestro Webinar de Ecograf\u00eda \"Ecograf\u00eda de las Hepatopat\u00edas Cr\u00f3nicas 2024: m\u00e1s all\u00e1 del modo B y el Doppler color\". Con temas propios de la Radiolog\u00eda, con un enfoque multi y transdisciplinar. Diferentes tem\u00e1ticas, con destacados profesionales nacionales e internacionales.<\/p>\n<p>GRATUITO PARA LOS MIEMBROS DE PLENO DERECHO<\/p>","protected":false},"featured_media":16135,"template":"","meta":[],"product_brand":[],"product_cat":[18,39],"product_tag":[],"class_list":{"0":"post-5338","1":"product","2":"type-product","3":"status-publish","4":"has-post-thumbnail","6":"product_cat-cbr-educa","7":"product_cat-webinar-cbr-educa","9":"first","10":"instock","11":"virtual","12":"sold-individually","13":"taxable","14":"purchasable","15":"product-type-simple"},"_links":{"self":[{"href":"https:\/\/cursosonline.cbr.org.br\/es\/wp-json\/wp\/v2\/product\/5338","targetHints":{"allow":["GET"]}}],"collection":[{"href":"https:\/\/cursosonline.cbr.org.br\/es\/wp-json\/wp\/v2\/product"}],"about":[{"href":"https:\/\/cursosonline.cbr.org.br\/es\/wp-json\/wp\/v2\/types\/product"}],"version-history":[{"count":13,"href":"https:\/\/cursosonline.cbr.org.br\/es\/wp-json\/wp\/v2\/product\/5338\/revisions"}],"predecessor-version":[{"id":33253,"href":"https:\/\/cursosonline.cbr.org.br\/es\/wp-json\/wp\/v2\/product\/5338\/revisions\/33253"}],"wp:featuredmedia":[{"embeddable":true,"href":"https:\/\/cursosonline.cbr.org.br\/es\/wp-json\/wp\/v2\/media\/16135"}],"wp:attachment":[{"href":"https:\/\/cursosonline.cbr.org.br\/es\/wp-json\/wp\/v2\/media?parent=5338"}],"wp:term":[{"taxonomy":"product_brand","embeddable":true,"href":"https:\/\/cursosonline.cbr.org.br\/es\/wp-json\/wp\/v2\/product_brand?post=5338"},{"taxonomy":"product_cat","embeddable":true,"href":"https:\/\/cursosonline.cbr.org.br\/es\/wp-json\/wp\/v2\/product_cat?post=5338"},{"taxonomy":"product_tag","embeddable":true,"href":"https:\/\/cursosonline.cbr.org.br\/es\/wp-json\/wp\/v2\/product_tag?post=5338"}],"curies":[{"name":"gracias","href":"https:\/\/api.w.org\/{rel}","templated":true}]}}