{"id":5742,"date":"2024-04-07T10:53:55","date_gmt":"2024-04-07T13:53:55","guid":{"rendered":"https:\/\/cursosonline.cbr.org.br\/?post_type=product&#038;p=5742"},"modified":"2026-03-12T10:39:35","modified_gmt":"2026-03-12T13:39:35","slug":"webinar-cbr-edicao-de-abril-2024-tema-seguranca-da-informacao-em-imagem-impactos-para-o-radiologista-e-para-os-servicos-de-radiologia","status":"publish","type":"product","link":"https:\/\/cursosonline.cbr.org.br\/es\/curso\/webinar-cbr-edicao-de-abril-2024-tema-seguranca-da-informacao-em-imagem-impactos-para-o-radiologista-e-para-os-servicos-de-radiologia\/","title":{"rendered":"Webinar del CBR Edici\u00f3n de abril\/2024 Tema: Seguridad de la informaci\u00f3n en el tratamiento de im\u00e1genes: repercusiones para los radi\u00f3logos y los servicios de radiolog\u00eda"},"content":{"rendered":"","protected":false},"excerpt":{"rendered":"","protected":false},"featured_media":0,"template":"","meta":[],"product_brand":[],"product_cat":[15],"product_tag":[],"class_list":{"0":"post-5742","1":"product","2":"type-product","3":"status-publish","5":"product_cat-uncategorized","7":"first","8":"instock","9":"virtual","10":"sold-individually","11":"taxable","12":"purchasable","13":"product-type-simple"},"_links":{"self":[{"href":"https:\/\/cursosonline.cbr.org.br\/es\/wp-json\/wp\/v2\/product\/5742","targetHints":{"allow":["GET"]}}],"collection":[{"href":"https:\/\/cursosonline.cbr.org.br\/es\/wp-json\/wp\/v2\/product"}],"about":[{"href":"https:\/\/cursosonline.cbr.org.br\/es\/wp-json\/wp\/v2\/types\/product"}],"version-history":[{"count":3,"href":"https:\/\/cursosonline.cbr.org.br\/es\/wp-json\/wp\/v2\/product\/5742\/revisions"}],"predecessor-version":[{"id":33334,"href":"https:\/\/cursosonline.cbr.org.br\/es\/wp-json\/wp\/v2\/product\/5742\/revisions\/33334"}],"wp:attachment":[{"href":"https:\/\/cursosonline.cbr.org.br\/es\/wp-json\/wp\/v2\/media?parent=5742"}],"wp:term":[{"taxonomy":"product_brand","embeddable":true,"href":"https:\/\/cursosonline.cbr.org.br\/es\/wp-json\/wp\/v2\/product_brand?post=5742"},{"taxonomy":"product_cat","embeddable":true,"href":"https:\/\/cursosonline.cbr.org.br\/es\/wp-json\/wp\/v2\/product_cat?post=5742"},{"taxonomy":"product_tag","embeddable":true,"href":"https:\/\/cursosonline.cbr.org.br\/es\/wp-json\/wp\/v2\/product_tag?post=5742"}],"curies":[{"name":"gracias","href":"https:\/\/api.w.org\/{rel}","templated":true}]}}