{"id":6581,"date":"2024-04-29T12:32:31","date_gmt":"2024-04-29T15:32:31","guid":{"rendered":"https:\/\/cursosonline.cbr.org.br\/?post_type=product&#038;p=6581"},"modified":"2026-03-12T10:13:04","modified_gmt":"2026-03-12T13:13:04","slug":"sig-laudo-radiologico-edicao-de-maio-2024-tema-home-office","status":"publish","type":"product","link":"https:\/\/cursosonline.cbr.org.br\/es\/curso\/sig-laudo-radiologico-edicao-de-maio-2024-tema-home-office\/","title":{"rendered":"Informe Radiol\u00f3gico Sig | A petici\u00f3n - Ministerio del Interior | Mayo\/2024"},"content":{"rendered":"<div data-elementor-type=\"product-post\" data-elementor-id=\"6581\" class=\"elementor elementor-6581\" data-elementor-post-type=\"product\">\n\t\t\t\t\t\t<section class=\"elementor-section elementor-top-section elementor-element elementor-element-a84b7fa elementor-section-boxed elementor-section-height-default elementor-section-height-default\" data-id=\"a84b7fa\" data-element_type=\"section\">\n\t\t\t\t\t\t<div class=\"elementor-container elementor-column-gap-default\">\n\t\t\t\t\t<div class=\"elementor-column elementor-col-100 elementor-top-column elementor-element elementor-element-1d1d5b4\" data-id=\"1d1d5b4\" data-element_type=\"column\">\n\t\t\t<div class=\"elementor-widget-wrap elementor-element-populated\">\n\t\t\t\t\t\t<div class=\"elementor-element elementor-element-36ff223 elementor-widget elementor-widget-text-editor\" data-id=\"36ff223\" data-element_type=\"widget\" data-widget_type=\"text-editor.default\">\n\t\t\t\t<div class=\"elementor-widget-container\">\n\t\t\t\t\t\t\t\t\t<p>Vea la grabaci\u00f3n del Sig Laudo Radiol\u00f3gico de mayo, el evento mensual de casos radiol\u00f3gicos celebrado en <strong>el \u00faltimo tercio del mes, bimensualmente, de 20.00 a 21.00 horas.<\/strong><\/p><p><img fetchpriority=\"high\" decoding=\"async\" class=\"aligncenter wp-image-10977\" src=\"https:\/\/cursosonline.cbr.org.br\/wp-content\/uploads\/2024\/07\/Post-Quadrado_SIG-Laudo-Radiologico_Home-Office.jpg\" alt=\"\" width=\"600\" height=\"600\" srcset=\"https:\/\/cursosonline.cbr.org.br\/wp-content\/uploads\/2024\/07\/Post-Quadrado_SIG-Laudo-Radiologico_Home-Office.jpg 1000w, https:\/\/cursosonline.cbr.org.br\/wp-content\/uploads\/2024\/07\/Post-Quadrado_SIG-Laudo-Radiologico_Home-Office-300x300.jpg 300w, https:\/\/cursosonline.cbr.org.br\/wp-content\/uploads\/2024\/07\/Post-Quadrado_SIG-Laudo-Radiologico_Home-Office-150x150.jpg 150w, https:\/\/cursosonline.cbr.org.br\/wp-content\/uploads\/2024\/07\/Post-Quadrado_SIG-Laudo-Radiologico_Home-Office-768x768.jpg 768w, https:\/\/cursosonline.cbr.org.br\/wp-content\/uploads\/2024\/07\/Post-Quadrado_SIG-Laudo-Radiologico_Home-Office-600x600.jpg 600w, https:\/\/cursosonline.cbr.org.br\/wp-content\/uploads\/2024\/07\/Post-Quadrado_SIG-Laudo-Radiologico_Home-Office-100x100.jpg 100w\" sizes=\"(max-width: 600px) 100vw, 600px\" \/><\/p>\t\t\t\t\t\t\t\t<\/div>\n\t\t\t\t<\/div>\n\t\t\t\t\t<\/div>\n\t\t<\/div>\n\t\t\t\t\t<\/div>\n\t\t<\/section>\n\t\t\t\t<section class=\"elementor-section elementor-top-section elementor-element elementor-element-5cf0bfea elementor-section-boxed elementor-section-height-default elementor-section-height-default\" data-id=\"5cf0bfea\" data-element_type=\"section\">\n\t\t\t\t\t\t<div class=\"elementor-container elementor-column-gap-default\">\n\t\t\t\t\t<div class=\"elementor-column elementor-col-33 elementor-top-column elementor-element elementor-element-38d830df\" data-id=\"38d830df\" data-element_type=\"column\">\n\t\t\t<div class=\"elementor-widget-wrap\">\n\t\t\t\t\t\t\t<\/div>\n\t\t<\/div>\n\t\t\t\t<div class=\"elementor-column elementor-col-33 elementor-top-column elementor-element elementor-element-71c0c8c9\" data-id=\"71c0c8c9\" data-element_type=\"column\">\n\t\t\t<div class=\"elementor-widget-wrap elementor-element-populated\">\n\t\t\t\t\t\t<div class=\"elementor-element elementor-element-530b0984 elementor-widget__width-initial elementor-widget elementor-widget-image\" data-id=\"530b0984\" data-element_type=\"widget\" data-widget_type=\"image.default\">\n\t\t\t\t<div class=\"elementor-widget-container\">\n\t\t\t\t\t\t\t\t\t\t\t\t\t\t\t\t<a href=\"https:\/\/api.whatsapp.com\/send\/?phone=5511978559677&#038;text=Ol%C3%A1%2C+Estou%20com%20d\u00favidas%20sobre%20o%20%20treinamento%20Sig%20Laudo%20Radiol\u00f3gico%20|%20On%20Demand%20-%20Home%20Office%20|%20Maio\/2024%20&#038;type=phone_number&#038;app_absent=0\" target=\"_blank\">\n\t\t\t\t\t\t\t<img decoding=\"async\" width=\"300\" height=\"213\" src=\"https:\/\/cursosonline.cbr.org.br\/wp-content\/uploads\/2024\/05\/whatsapp_PNG5-300x213.png\" class=\"attachment-medium size-medium wp-image-7548\" alt=\"\" srcset=\"https:\/\/cursosonline.cbr.org.br\/wp-content\/uploads\/2024\/05\/whatsapp_PNG5-300x213.png 300w, https:\/\/cursosonline.cbr.org.br\/wp-content\/uploads\/2024\/05\/whatsapp_PNG5-1024x727.png 1024w, https:\/\/cursosonline.cbr.org.br\/wp-content\/uploads\/2024\/05\/whatsapp_PNG5-768x545.png 768w, https:\/\/cursosonline.cbr.org.br\/wp-content\/uploads\/2024\/05\/whatsapp_PNG5-1536x1091.png 1536w, https:\/\/cursosonline.cbr.org.br\/wp-content\/uploads\/2024\/05\/whatsapp_PNG5-600x426.png 600w, https:\/\/cursosonline.cbr.org.br\/wp-content\/uploads\/2024\/05\/whatsapp_PNG5.png 1600w\" sizes=\"(max-width: 300px) 100vw, 300px\" \/>\t\t\t\t\t\t\t\t<\/a>\n\t\t\t\t\t\t\t\t\t\t\t\t\t\t\t<\/div>\n\t\t\t\t<\/div>\n\t\t\t\t\t<\/div>\n\t\t<\/div>\n\t\t\t\t<div class=\"elementor-column elementor-col-33 elementor-top-column elementor-element elementor-element-21ebdbfb\" data-id=\"21ebdbfb\" data-element_type=\"column\">\n\t\t\t<div class=\"elementor-widget-wrap\">\n\t\t\t\t\t\t\t<\/div>\n\t\t<\/div>\n\t\t\t\t\t<\/div>\n\t\t<\/section>\n\t\t\t\t<section class=\"elementor-section elementor-top-section elementor-element elementor-element-4678fe0f elementor-section-boxed elementor-section-height-default elementor-section-height-default\" data-id=\"4678fe0f\" data-element_type=\"section\">\n\t\t\t\t\t\t<div class=\"elementor-container elementor-column-gap-default\">\n\t\t\t\t\t<div class=\"elementor-column elementor-col-25 elementor-top-column elementor-element elementor-element-595c2595\" data-id=\"595c2595\" data-element_type=\"column\">\n\t\t\t<div class=\"elementor-widget-wrap\">\n\t\t\t\t\t\t\t<\/div>\n\t\t<\/div>\n\t\t\t\t<div class=\"elementor-column elementor-col-50 elementor-top-column elementor-element elementor-element-5f8f0964\" data-id=\"5f8f0964\" data-element_type=\"column\">\n\t\t\t<div class=\"elementor-widget-wrap elementor-element-populated\">\n\t\t\t\t\t\t<div class=\"elementor-element elementor-element-72efcf8c elementor-widget elementor-widget-text-editor\" data-id=\"72efcf8c\" data-element_type=\"widget\" data-widget_type=\"text-editor.default\">\n\t\t\t\t<div class=\"elementor-widget-container\">\n\t\t\t\t\t\t\t\t\t<p style=\"text-align: center\"><strong>\u00bfDificultades para acceder a la formaci\u00f3n?<\/strong><\/p>\t\t\t\t\t\t\t\t<\/div>\n\t\t\t\t<\/div>\n\t\t\t\t\t<\/div>\n\t\t<\/div>\n\t\t\t\t<div class=\"elementor-column elementor-col-25 elementor-top-column elementor-element elementor-element-4e8b4df7\" data-id=\"4e8b4df7\" data-element_type=\"column\">\n\t\t\t<div class=\"elementor-widget-wrap\">\n\t\t\t\t\t\t\t<\/div>\n\t\t<\/div>\n\t\t\t\t\t<\/div>\n\t\t<\/section>\n\t\t\t\t<\/div>","protected":false},"excerpt":{"rendered":"<p>Contenidos a la carta<\/p>\n<p>Se ha perdido nuestro Grupo de Inter\u00e9s Especial (GIE) <em><strong>Informe radiol\u00f3gico<\/strong><\/em> sobre el tema <em><strong>Ministerio del Interior<\/strong><\/em>\u00bfO quiere revivir los momentos m\u00e1s importantes? No se preocupe, ahora puede acceder a todo el contenido del evento a la carta, cuando y donde quiera.<\/p>\n<p><strong>GRATUITO PARA LOS MIEMBROS DE CBR<\/strong><\/p>","protected":false},"featured_media":6689,"template":"","meta":[],"product_brand":[],"product_cat":[18,40,89],"product_tag":[],"class_list":{"0":"post-6581","1":"product","2":"type-product","3":"status-publish","4":"has-post-thumbnail","6":"product_cat-cbr-educa","7":"product_cat-sigs","8":"product_cat-siglaudo","10":"first","11":"instock","12":"virtual","13":"sold-individually","14":"taxable","15":"purchasable","16":"product-type-simple"},"_links":{"self":[{"href":"https:\/\/cursosonline.cbr.org.br\/es\/wp-json\/wp\/v2\/product\/6581","targetHints":{"allow":["GET"]}}],"collection":[{"href":"https:\/\/cursosonline.cbr.org.br\/es\/wp-json\/wp\/v2\/product"}],"about":[{"href":"https:\/\/cursosonline.cbr.org.br\/es\/wp-json\/wp\/v2\/types\/product"}],"version-history":[{"count":30,"href":"https:\/\/cursosonline.cbr.org.br\/es\/wp-json\/wp\/v2\/product\/6581\/revisions"}],"predecessor-version":[{"id":33242,"href":"https:\/\/cursosonline.cbr.org.br\/es\/wp-json\/wp\/v2\/product\/6581\/revisions\/33242"}],"wp:featuredmedia":[{"embeddable":true,"href":"https:\/\/cursosonline.cbr.org.br\/es\/wp-json\/wp\/v2\/media\/6689"}],"wp:attachment":[{"href":"https:\/\/cursosonline.cbr.org.br\/es\/wp-json\/wp\/v2\/media?parent=6581"}],"wp:term":[{"taxonomy":"product_brand","embeddable":true,"href":"https:\/\/cursosonline.cbr.org.br\/es\/wp-json\/wp\/v2\/product_brand?post=6581"},{"taxonomy":"product_cat","embeddable":true,"href":"https:\/\/cursosonline.cbr.org.br\/es\/wp-json\/wp\/v2\/product_cat?post=6581"},{"taxonomy":"product_tag","embeddable":true,"href":"https:\/\/cursosonline.cbr.org.br\/es\/wp-json\/wp\/v2\/product_tag?post=6581"}],"curies":[{"name":"gracias","href":"https:\/\/api.w.org\/{rel}","templated":true}]}}