{"id":7719,"date":"2024-05-22T16:36:29","date_gmt":"2024-05-22T19:36:29","guid":{"rendered":"https:\/\/cursosonline.cbr.org.br\/?post_type=product&#038;p=7719"},"modified":"2026-03-10T13:01:22","modified_gmt":"2026-03-10T16:01:22","slug":"atualiza24-oncologia-revisao-e-aplicacao-dos-principais-rads-em-radiologia-abdominal-e-toracica","status":"publish","type":"product","link":"https:\/\/cursosonline.cbr.org.br\/es\/curso\/atualiza24-oncologia-revisao-e-aplicacao-dos-principais-rads-em-radiologia-abdominal-e-toracica\/","title":{"rendered":"Atualiza24 | Oncolog\u00eda - Revisi\u00f3n y aplicaci\u00f3n de las principales Rads en Radiolog\u00eda Abdominal y Tor\u00e1cica"},"content":{"rendered":"<div data-elementor-type=\"product-post\" data-elementor-id=\"7719\" class=\"elementor elementor-7719\" data-elementor-post-type=\"product\">\n\t\t\t\t\t\t<section class=\"elementor-section elementor-top-section elementor-element elementor-element-5b0530a elementor-section-boxed elementor-section-height-default elementor-section-height-default\" data-id=\"5b0530a\" data-element_type=\"section\">\n\t\t\t\t\t\t<div class=\"elementor-container elementor-column-gap-default\">\n\t\t\t\t\t<div class=\"elementor-column elementor-col-100 elementor-top-column elementor-element elementor-element-6da5d3b\" data-id=\"6da5d3b\" data-element_type=\"column\">\n\t\t\t<div class=\"elementor-widget-wrap elementor-element-populated\">\n\t\t\t\t\t\t<div class=\"elementor-element elementor-element-690ca12 elementor-widget elementor-widget-text-editor\" data-id=\"690ca12\" data-element_type=\"widget\" data-widget_type=\"text-editor.default\">\n\t\t\t\t<div class=\"elementor-widget-container\">\n\t\t\t\t\t\t\t\t\t<p>Del 5 al 7 de abril se celebr\u00f3 Atualiza24 - Circuito Nacional de Radiolog\u00eda, \u00a1EL MAYOR EVENTO MUNDIAL DE ACTUALIZACI\u00d3N PROFESIONAL ONLINE!<br \/>El evento se desarroll\u00f3 en el formato online 100% con el objetivo de promover la actualizaci\u00f3n te\u00f3rica y pr\u00e1ctica de los profesionales del \u00e1rea. Atualiza24 reuni\u00f3 sociedades estatales de todo Brasil y, sin precedentes, representantes de renombradas sociedades internacionales de radiolog\u00eda, ofreciendo numerosas actividades dirigidas a radi\u00f3logos y residentes.<\/p>\t\t\t\t\t\t\t\t<\/div>\n\t\t\t\t<\/div>\n\t\t\t\t<div class=\"elementor-element elementor-element-b285529 elementor-arrows-position-inside elementor-pagination-position-outside elementor-widget elementor-widget-image-carousel\" data-id=\"b285529\" data-element_type=\"widget\" data-settings=\"{&quot;slides_to_show&quot;:&quot;2&quot;,&quot;navigation&quot;:&quot;both&quot;,&quot;autoplay&quot;:&quot;yes&quot;,&quot;pause_on_hover&quot;:&quot;yes&quot;,&quot;pause_on_interaction&quot;:&quot;yes&quot;,&quot;autoplay_speed&quot;:5000,&quot;infinite&quot;:&quot;yes&quot;,&quot;speed&quot;:500}\" data-widget_type=\"image-carousel.default\">\n\t\t\t\t<div class=\"elementor-widget-container\">\n\t\t\t\t\t\t\t<div class=\"elementor-image-carousel-wrapper swiper\" role=\"region\" aria-roledescription=\"carousel\" aria-label=\"Carrusel de im\u00e1genes\" dir=\"ltr\">\n\t\t\t<div class=\"elementor-image-carousel swiper-wrapper\" aria-live=\"off\">\n\t\t\t\t\t\t\t\t<div class=\"swiper-slide\" role=\"group\" aria-roledescription=\"slide\" aria-label=\"1 de 2\"><figure class=\"swiper-slide-inner\"><img decoding=\"async\" class=\"swiper-slide-image\" src=\"https:\/\/cursosonline.cbr.org.br\/wp-content\/uploads\/2024\/05\/post-Atualiza24_cursos_Oncologia-600x600.jpg\" alt=\"post Atualiza24_cursos_Oncologia\" \/><\/figure><\/div><div class=\"swiper-slide\" role=\"group\" aria-roledescription=\"slide\" aria-label=\"2 de 2\"><figure class=\"swiper-slide-inner\"><img decoding=\"async\" class=\"swiper-slide-image\" src=\"https:\/\/cursosonline.cbr.org.br\/wp-content\/uploads\/2024\/05\/post-Atualiza24_cursos_Oncologia_3-600x600.jpg\" alt=\"post Atualiza24_cursos_Oncologia_3\" \/><\/figure><\/div>\t\t\t<\/div>\n\t\t\t\t\t\t\t\t\t\t\t\t<div class=\"elementor-swiper-button elementor-swiper-button-prev\" role=\"button\" tabindex=\"0\">\n\t\t\t\t\t\t<i aria-hidden=\"true\" class=\"eicon-chevron-left\"><\/i>\t\t\t\t\t<\/div>\n\t\t\t\t\t<div class=\"elementor-swiper-button elementor-swiper-button-next\" role=\"button\" tabindex=\"0\">\n\t\t\t\t\t\t<i aria-hidden=\"true\" class=\"eicon-chevron-right\"><\/i>\t\t\t\t\t<\/div>\n\t\t\t\t\n\t\t\t\t\t\t\t\t\t<div class=\"swiper-pagination\"><\/div>\n\t\t\t\t\t\t\t\t\t<\/div>\n\t\t\t\t\t\t<\/div>\n\t\t\t\t<\/div>\n\t\t\t\t\t<\/div>\n\t\t<\/div>\n\t\t\t\t\t<\/div>\n\t\t<\/section>\n\t\t\t\t<section class=\"elementor-section elementor-top-section elementor-element elementor-element-6e0f0d8f elementor-section-boxed elementor-section-height-default elementor-section-height-default\" data-id=\"6e0f0d8f\" data-element_type=\"section\">\n\t\t\t\t\t\t<div class=\"elementor-container elementor-column-gap-default\">\n\t\t\t\t\t<div class=\"elementor-column elementor-col-33 elementor-top-column elementor-element elementor-element-515d1be2\" data-id=\"515d1be2\" data-element_type=\"column\">\n\t\t\t<div class=\"elementor-widget-wrap\">\n\t\t\t\t\t\t\t<\/div>\n\t\t<\/div>\n\t\t\t\t<div class=\"elementor-column elementor-col-33 elementor-top-column elementor-element elementor-element-d8081eb\" data-id=\"d8081eb\" data-element_type=\"column\">\n\t\t\t<div class=\"elementor-widget-wrap elementor-element-populated\">\n\t\t\t\t\t\t<div class=\"elementor-element elementor-element-4b405fb9 elementor-widget__width-initial elementor-widget elementor-widget-image\" data-id=\"4b405fb9\" data-element_type=\"widget\" data-widget_type=\"image.default\">\n\t\t\t\t<div class=\"elementor-widget-container\">\n\t\t\t\t\t\t\t\t\t\t\t\t\t\t\t\t<a href=\"https:\/\/api.whatsapp.com\/send\/?phone=5511978559677&#038;text=Ol%C3%A1%2C+Estou%20com%20d\u00favidas%20sobre%20o%20%20treinamento%20Atualiza24%20|%20Oncologia%20\u2013%20Revis\u00e3o%20e%20aplica\u00e7\u00e3o%20dos%20principais%20Rads%20em%20Radiologia%20Abdominal%20e%20Tor\u00e1cica%20&#038;type=phone_number&#038;app_absent=0\" target=\"_blank\">\n\t\t\t\t\t\t\t<img fetchpriority=\"high\" decoding=\"async\" width=\"300\" height=\"213\" src=\"https:\/\/cursosonline.cbr.org.br\/wp-content\/uploads\/2024\/05\/whatsapp_PNG5-300x213.png\" class=\"attachment-medium size-medium wp-image-7548\" alt=\"\" srcset=\"https:\/\/cursosonline.cbr.org.br\/wp-content\/uploads\/2024\/05\/whatsapp_PNG5-300x213.png 300w, https:\/\/cursosonline.cbr.org.br\/wp-content\/uploads\/2024\/05\/whatsapp_PNG5-1024x727.png 1024w, https:\/\/cursosonline.cbr.org.br\/wp-content\/uploads\/2024\/05\/whatsapp_PNG5-768x545.png 768w, https:\/\/cursosonline.cbr.org.br\/wp-content\/uploads\/2024\/05\/whatsapp_PNG5-1536x1091.png 1536w, https:\/\/cursosonline.cbr.org.br\/wp-content\/uploads\/2024\/05\/whatsapp_PNG5-600x426.png 600w, https:\/\/cursosonline.cbr.org.br\/wp-content\/uploads\/2024\/05\/whatsapp_PNG5.png 1600w\" sizes=\"(max-width: 300px) 100vw, 300px\" \/>\t\t\t\t\t\t\t\t<\/a>\n\t\t\t\t\t\t\t\t\t\t\t\t\t\t\t<\/div>\n\t\t\t\t<\/div>\n\t\t\t\t\t<\/div>\n\t\t<\/div>\n\t\t\t\t<div class=\"elementor-column elementor-col-33 elementor-top-column elementor-element elementor-element-309413c2\" data-id=\"309413c2\" data-element_type=\"column\">\n\t\t\t<div class=\"elementor-widget-wrap\">\n\t\t\t\t\t\t\t<\/div>\n\t\t<\/div>\n\t\t\t\t\t<\/div>\n\t\t<\/section>\n\t\t\t\t<section class=\"elementor-section elementor-top-section elementor-element elementor-element-7ab5c47 elementor-section-boxed elementor-section-height-default elementor-section-height-default\" data-id=\"7ab5c47\" data-element_type=\"section\">\n\t\t\t\t\t\t<div class=\"elementor-container elementor-column-gap-default\">\n\t\t\t\t\t<div class=\"elementor-column elementor-col-25 elementor-top-column elementor-element elementor-element-1af545fa\" data-id=\"1af545fa\" data-element_type=\"column\">\n\t\t\t<div class=\"elementor-widget-wrap\">\n\t\t\t\t\t\t\t<\/div>\n\t\t<\/div>\n\t\t\t\t<div class=\"elementor-column elementor-col-50 elementor-top-column elementor-element elementor-element-6a588363\" data-id=\"6a588363\" data-element_type=\"column\">\n\t\t\t<div class=\"elementor-widget-wrap elementor-element-populated\">\n\t\t\t\t\t\t<div class=\"elementor-element elementor-element-6ef348bf elementor-widget elementor-widget-text-editor\" data-id=\"6ef348bf\" data-element_type=\"widget\" data-widget_type=\"text-editor.default\">\n\t\t\t\t<div class=\"elementor-widget-container\">\n\t\t\t\t\t\t\t\t\t<p style=\"text-align: center\"><strong>\u00bfDificultades para acceder a la formaci\u00f3n?<\/strong><\/p>\t\t\t\t\t\t\t\t<\/div>\n\t\t\t\t<\/div>\n\t\t\t\t\t<\/div>\n\t\t<\/div>\n\t\t\t\t<div class=\"elementor-column elementor-col-25 elementor-top-column elementor-element elementor-element-7179b2d6\" data-id=\"7179b2d6\" data-element_type=\"column\">\n\t\t\t<div class=\"elementor-widget-wrap\">\n\t\t\t\t\t\t\t<\/div>\n\t\t<\/div>\n\t\t\t\t\t<\/div>\n\t\t<\/section>\n\t\t\t\t<\/div>","protected":false},"excerpt":{"rendered":"<p>Del 5 al 7 de abril se celebr\u00f3 Atualiza24 - Circuito Nacional de Radiolog\u00eda, \u00a1EL MAYOR EVENTO MUNDIAL DE ACTUALIZACI\u00d3N PROFESIONAL ONLINE!<br \/>\nEl evento se desarroll\u00f3 en el formato online 100% con el objetivo de promover la actualizaci\u00f3n te\u00f3rica y pr\u00e1ctica de los profesionales del \u00e1rea. Atualiza24 reuni\u00f3 sociedades estatales de todo Brasil y, sin precedentes, representantes de renombradas sociedades internacionales de radiolog\u00eda, ofreciendo numerosas actividades dirigidas a radi\u00f3logos y residentes.<\/p>","protected":false},"featured_media":7720,"template":"","meta":[],"product_brand":[],"product_cat":[18,38,86],"product_tag":[],"class_list":{"0":"post-7719","1":"product","2":"type-product","3":"status-publish","4":"has-post-thumbnail","6":"product_cat-cbr-educa","7":"product_cat-atualiza","8":"product_cat-atualiza24","10":"first","11":"instock","12":"virtual","13":"sold-individually","14":"taxable","15":"purchasable","16":"product-type-simple"},"_links":{"self":[{"href":"https:\/\/cursosonline.cbr.org.br\/es\/wp-json\/wp\/v2\/product\/7719","targetHints":{"allow":["GET"]}}],"collection":[{"href":"https:\/\/cursosonline.cbr.org.br\/es\/wp-json\/wp\/v2\/product"}],"about":[{"href":"https:\/\/cursosonline.cbr.org.br\/es\/wp-json\/wp\/v2\/types\/product"}],"version-history":[{"count":10,"href":"https:\/\/cursosonline.cbr.org.br\/es\/wp-json\/wp\/v2\/product\/7719\/revisions"}],"predecessor-version":[{"id":32990,"href":"https:\/\/cursosonline.cbr.org.br\/es\/wp-json\/wp\/v2\/product\/7719\/revisions\/32990"}],"wp:featuredmedia":[{"embeddable":true,"href":"https:\/\/cursosonline.cbr.org.br\/es\/wp-json\/wp\/v2\/media\/7720"}],"wp:attachment":[{"href":"https:\/\/cursosonline.cbr.org.br\/es\/wp-json\/wp\/v2\/media?parent=7719"}],"wp:term":[{"taxonomy":"product_brand","embeddable":true,"href":"https:\/\/cursosonline.cbr.org.br\/es\/wp-json\/wp\/v2\/product_brand?post=7719"},{"taxonomy":"product_cat","embeddable":true,"href":"https:\/\/cursosonline.cbr.org.br\/es\/wp-json\/wp\/v2\/product_cat?post=7719"},{"taxonomy":"product_tag","embeddable":true,"href":"https:\/\/cursosonline.cbr.org.br\/es\/wp-json\/wp\/v2\/product_tag?post=7719"}],"curies":[{"name":"gracias","href":"https:\/\/api.w.org\/{rel}","templated":true}]}}