{"id":9556,"date":"2024-06-06T14:18:30","date_gmt":"2024-06-06T17:18:30","guid":{"rendered":"https:\/\/cursosonline.cbr.org.br\/?post_type=product&#038;p=9556"},"modified":"2026-03-12T10:12:43","modified_gmt":"2026-03-12T13:12:43","slug":"sig-neuro-connecta-visita-o-isn-junho-2024","status":"publish","type":"product","link":"https:\/\/cursosonline.cbr.org.br\/es\/curso\/sig-neuro-connecta-visita-o-isn-junho-2024\/","title":{"rendered":"Sig Neuro Connecta Brasil | A petici\u00f3n - Visite ISN | Junio\/2024"},"content":{"rendered":"<p style=\"text-align: center;\">Siga el contenido On Demand de la edici\u00f3n de este mes de junio de Sig Neuro Connecta Brasil, que tuvo lugar durante el\u00a0<strong>6\u00ba Simposio Internacional de Neurorradiolog\u00eda - ISN 2024 <\/strong>con presentaciones de casos durante el acto en directo.<\/p>\n<p>&nbsp;<\/p>\n<p><img fetchpriority=\"high\" decoding=\"async\" class=\"aligncenter wp-image-10681\" src=\"https:\/\/cursosonline.cbr.org.br\/wp-content\/uploads\/2024\/06\/Post-Quadrado_SigNeuro_22_06_24.jpg\" alt=\"\" width=\"600\" height=\"600\" srcset=\"https:\/\/cursosonline.cbr.org.br\/wp-content\/uploads\/2024\/06\/Post-Quadrado_SigNeuro_22_06_24.jpg 1000w, https:\/\/cursosonline.cbr.org.br\/wp-content\/uploads\/2024\/06\/Post-Quadrado_SigNeuro_22_06_24-300x300.jpg 300w, https:\/\/cursosonline.cbr.org.br\/wp-content\/uploads\/2024\/06\/Post-Quadrado_SigNeuro_22_06_24-150x150.jpg 150w, https:\/\/cursosonline.cbr.org.br\/wp-content\/uploads\/2024\/06\/Post-Quadrado_SigNeuro_22_06_24-768x768.jpg 768w, https:\/\/cursosonline.cbr.org.br\/wp-content\/uploads\/2024\/06\/Post-Quadrado_SigNeuro_22_06_24-600x600.jpg 600w, https:\/\/cursosonline.cbr.org.br\/wp-content\/uploads\/2024\/06\/Post-Quadrado_SigNeuro_22_06_24-100x100.jpg 100w\" sizes=\"(max-width: 600px) 100vw, 600px\" \/><\/p>\n<p>&nbsp;<\/p>\n<p><a href=\"https:\/\/api.whatsapp.com\/send\/?phone=5511978559677&amp;text=Ol%C3%A1%2C+Estou com d\u00favidas sobre o treinamento Sig Neuro Connecta Brasil | On Demand - Visita o ISN | Junho\/2024 &amp;type=phone_number&amp;app_absent=0\"><img decoding=\"async\" class=\"aligncenter wp-image-8352\" src=\"https:\/\/cursosonline.cbr.org.br\/wp-content\/uploads\/2024\/05\/whatsapp_PNG5-300x213-1.png\" alt=\"\" width=\"100\" height=\"71\" \/><\/a><\/p>\n<p style=\"text-align: center;\"><strong>\u00bfDificultades para acceder a la formaci\u00f3n?<\/strong><\/p>","protected":false},"excerpt":{"rendered":"<p style=\"text-align: left;\">Contenidos a la carta<\/p>\n<p style=\"text-align: left;\">\u00bfSe perdi\u00f3 nuestro Grupo de Inter\u00e9s Especial (SIG) Neuro Connecta Brasil | Visite ISN 2024 en junio, o quiere revivir los momentos m\u00e1s importantes? No se preocupe, ahora puede acceder a todo el contenido del evento On Demand, cuando y donde quiera.<\/p>\n<p style=\"text-align: left;\"><strong>GRATUITO PARA LOS MIEMBROS DE CBR<\/strong><\/p>","protected":false},"featured_media":10680,"template":"","meta":[],"product_brand":[],"product_cat":[18,40,91],"product_tag":[],"class_list":{"0":"post-9556","1":"product","2":"type-product","3":"status-publish","4":"has-post-thumbnail","6":"product_cat-cbr-educa","7":"product_cat-sigs","8":"product_cat-signeuro","10":"first","11":"instock","12":"virtual","13":"sold-individually","14":"taxable","15":"purchasable","16":"product-type-simple"},"_links":{"self":[{"href":"https:\/\/cursosonline.cbr.org.br\/es\/wp-json\/wp\/v2\/product\/9556","targetHints":{"allow":["GET"]}}],"collection":[{"href":"https:\/\/cursosonline.cbr.org.br\/es\/wp-json\/wp\/v2\/product"}],"about":[{"href":"https:\/\/cursosonline.cbr.org.br\/es\/wp-json\/wp\/v2\/types\/product"}],"version-history":[{"count":27,"href":"https:\/\/cursosonline.cbr.org.br\/es\/wp-json\/wp\/v2\/product\/9556\/revisions"}],"predecessor-version":[{"id":33237,"href":"https:\/\/cursosonline.cbr.org.br\/es\/wp-json\/wp\/v2\/product\/9556\/revisions\/33237"}],"wp:featuredmedia":[{"embeddable":true,"href":"https:\/\/cursosonline.cbr.org.br\/es\/wp-json\/wp\/v2\/media\/10680"}],"wp:attachment":[{"href":"https:\/\/cursosonline.cbr.org.br\/es\/wp-json\/wp\/v2\/media?parent=9556"}],"wp:term":[{"taxonomy":"product_brand","embeddable":true,"href":"https:\/\/cursosonline.cbr.org.br\/es\/wp-json\/wp\/v2\/product_brand?post=9556"},{"taxonomy":"product_cat","embeddable":true,"href":"https:\/\/cursosonline.cbr.org.br\/es\/wp-json\/wp\/v2\/product_cat?post=9556"},{"taxonomy":"product_tag","embeddable":true,"href":"https:\/\/cursosonline.cbr.org.br\/es\/wp-json\/wp\/v2\/product_tag?post=9556"}],"curies":[{"name":"gracias","href":"https:\/\/api.w.org\/{rel}","templated":true}]}}